{"id":281,"date":"2023-09-29T12:13:39","date_gmt":"2023-09-29T17:13:39","guid":{"rendered":"https:\/\/almaspowers.net\/home\/"},"modified":"2023-11-22T04:53:05","modified_gmt":"2023-11-22T10:53:05","slug":"home","status":"publish","type":"page","link":"https:\/\/almaspowers.net\/de\/","title":{"rendered":"Startseite"},"content":{"rendered":"<div class=\"wpb-content-wrapper\">[vc_row full_width=&#8220;stretch_row_content_no_spaces&#8220; disable_element=&#8220;yes&#8220; remove_bottom_col_margin=&#8220;true&#8220; wpex_shape_divider_bottom=&#8220;waves&#8220; wpex_shape_divider_bottom_infront=&#8220;true&#8220; wpex_shape_divider_bottom_height=&#8220;35&#8243;][vc_column]<figure class=\"vcex-image vcex-module wpex-text-center\"><div class=\"vcex-image-inner wpex-relative wpex-inline-block\"><img width=\"2600\" height=\"903\" src=\"https:\/\/almaspowers.net\/wp-content\/uploads\/2023\/09\/cover_-1.jpg\" class=\"vcex-image-img wpex-align-middle skip-lazy\" alt=\"\" data-no-lazy=\"1\" \/><\/div><\/figure>[\/vc_column][\/vc_row][vc_row full_width=&#8220;stretch_row&#8220; content_placement=&#8220;middle&#8220; wpex_shape_divider_bottom=&#8220;waves&#8220; wpex_shape_divider_bottom_color=&#8220;on-accent&#8220; wpex_shape_divider_bottom_height=&#8220;40&#8243; css=&#8220;.vc_custom_1696359217838{padding-top: 3em !important;padding-bottom: 3em !important;background-color: #e3efff !important;}&#8220;][vc_column width=&#8220;5\/12&#8243;][vc_column_text width=&#8220;850px&#8220;]\n<h1>Entdecke deine St\u00e4rken<\/h1>\n<p><span class=\"wpex-text-xl\">Entdecke, wer du wirklich bist! Erkenne deine St\u00e4rken und lerne, wie du sie nutzen kannst. <\/span>[\/vc_column_text][\/vc_column][vc_column width=&#8220;7\/12&#8243;]<div class=\"vcex-video wpex-bg-black\" data-vcex-video-type=\"video_tag\"><div class=\"vcex-video-inner wpex-relative\"><video src=\"https:\/\/almaspowers.net\/wp-content\/uploads\/2023\/11\/Video-Web-AP-Home-ES-2-SD-480p.mov\" class=\"wpex-w-100 wpex-aspect-16-9 wpex-align-middle wpex-object-cover wpex-invisible wpex-w-100\" controls poster=\"https:\/\/almaspowers.net\/wp-content\/uploads\/2023\/10\/videocover2.jpg\"><\/video><div class=\"vcex-video-overlay wpex-block wpex-absolute wpex-inset-0 wpex-cursor-pointer overlay-parent\"><img src=\"https:\/\/almaspowers.net\/wp-content\/uploads\/2023\/11\/intro-videowebAP-2.jpg\" loading=\"lazy\" decoding=\"async\" class=\"wpex-bg-black wpex-h-100 wpex-w-100 wpex-object-cover\" alt=\"\">\n<div class=\"overlay-video-icon_2 theme-overlay wpex-absolute wpex-inset-0 wpex-flex wpex-items-center wpex-justify-center\" aria-hidden=\"true\">\n    <span class=\"overlay-bg wpex-bg-black wpex-block wpex-absolute wpex-inset-0 wpex-opacity-20\"><\/span><svg class=\"overlay__video-svg wpex-transition-transform wpex-duration-300 wpex-max-w-20 wpex-relative\" xmlns=\"http:\/\/www.w3.org\/2000\/svg\" height=\"60px\" width=\"60px\" viewBox=\"0 0 24 24\" fill=\"#FFFFFF\"><path d=\"M8 6.82v10.36c0 .79.87 1.27 1.54.84l8.14-5.18c.62-.39.62-1.29 0-1.69L9.54 5.98C8.87 5.55 8 6.03 8 6.82z\"\/><\/svg>\n<\/div>\n<\/div><\/div><\/div>[\/vc_column][\/vc_row][vc_row el_class=&#8220;max1000&#8243;][vc_column]<div class=\"vcex-spacing wpex-w-100 wpex-clear\" style=\"height:5em;\"><\/div>[vc_column_text width=&#8220;850px&#8220;]\n<h1 style=\"text-align: center;\">Erkenne dich selbst. Gestalte dich selbst. F\u00fchre dich selbst.<\/h1>\n<p style=\"text-align: center;\">Erkenne deine St\u00e4rken und lerne, wie du sie nutzen kannst. Dann wirst du in der Lage sein, jede Herausforderung zu meistern und dein Leben sinnvoll zu gestalten, nicht nur f\u00fcr dich, sondern auch f\u00fcr die Menschen um dich herum. Gemeinsam k\u00f6nnen wir diese Welt zu einem noch besseren Ort machen!<\/p>\n[\/vc_column_text]<div class=\"vcex-spacing wpex-w-100 wpex-clear\" style=\"height:4em;\"><\/div><style>.vcex-feature-box.vcex_69ded03ed9ef3 .vcex-feature-box-image img{border-radius:var(--wpex-radius-blob-5);}<\/style><style>@media only screen and (min-width: 768px) {.vcex-feature-box.vcex_69ded03ed9ef3 .vcex-feature-box-media{width:35%;}.vcex-feature-box.vcex_69ded03ed9ef3 .vcex-feature-box-content{width:55%;}}<\/style><div class=\"vcex-module vcex-feature-box wpex-flex wpex-flex-col wpex-md-flex-row wpex-justify-around wpex-gap-30 wpex-mb-40 left-image-right-content vcex-phone-collapse v-align-middle wpex-md-items-center vcex_69ded03ed9ef3\"><div class=\"vcex-feature-box-media\"><div class=\"vcex-feature-box-image wpex-relative wpex-md-text-center\"><img loading=\"lazy\" class=\"wpex-align-middle wpex-object-cover\" decoding=\"async\" src=\"https:\/\/almaspowers.net\/wp-content\/uploads\/2023\/09\/DreamShaper_v7_Modern_teenager_boy_with_Shirt_meditating_littl_0-e1695976064168-450x450.jpg\" alt=\"Boy meditating\" srcset=\"https:\/\/almaspowers.net\/wp-content\/uploads\/2023\/09\/DreamShaper_v7_Modern_teenager_boy_with_Shirt_meditating_littl_0-e1695976064168-450x450.jpg 450w, https:\/\/almaspowers.net\/wp-content\/uploads\/2023\/09\/DreamShaper_v7_Modern_teenager_boy_with_Shirt_meditating_littl_0-e1695976064168-150x150.jpg 150w, https:\/\/almaspowers.net\/wp-content\/uploads\/2023\/09\/DreamShaper_v7_Modern_teenager_boy_with_Shirt_meditating_littl_0-e1695976064168-300x300.jpg 300w, https:\/\/almaspowers.net\/wp-content\/uploads\/2023\/09\/DreamShaper_v7_Modern_teenager_boy_with_Shirt_meditating_littl_0-e1695976064168-768x768.jpg 768w, https:\/\/almaspowers.net\/wp-content\/uploads\/2023\/09\/DreamShaper_v7_Modern_teenager_boy_with_Shirt_meditating_littl_0-e1695976064168-220x220.jpg 220w, https:\/\/almaspowers.net\/wp-content\/uploads\/2023\/09\/DreamShaper_v7_Modern_teenager_boy_with_Shirt_meditating_littl_0-e1695976064168.jpg 993w\" width=\"450\" height=\"450\"><\/div><\/div><div class=\"vcex-feature-box-content\"><h2 class=\"vcex-feature-box-heading wpex-heading wpex-text-xl wpex-mb-20\">Erforsche deine innere Welt<\/h2><div class=\"vcex-feature-box-text wpex-last-mb-0 wpex-clr\"><p><span style=\"font-weight: 400\">den wunderbaren Ort, an dem deine Tr\u00e4ume und Beziehungen geschmiedet werden, aber auch gro\u00dfe Konflikte und K\u00e4mpfe ausgetragen werden. Hier leben deine St\u00e4rken, deine Emotionen, dein rationaler Verstand und dein Ego, neben vielen anderen interessanten Charakteren, die dein Schicksal bestimmen. Lerne, sie zu f\u00fchren!<\/span><\/p>\n<\/div><\/div><\/div><style>.vcex-feature-box.vcex_69ded03edbf12 .vcex-feature-box-image img{border-radius:var(--wpex-radius-blob-1);}<\/style><style>@media only screen and (min-width: 768px) {.vcex-feature-box.vcex_69ded03edbf12 .vcex-feature-box-media{width:35%;}.vcex-feature-box.vcex_69ded03edbf12 .vcex-feature-box-content{width:55%;}}<\/style><div class=\"vcex-module vcex-feature-box wpex-flex wpex-flex-col wpex-md-flex-row-reverse wpex-justify-around wpex-gap-30 wpex-mb-40 left-content-right-image vcex-phone-collapse v-align-middle wpex-md-items-center vcex_69ded03edbf12\"><div class=\"vcex-feature-box-media\"><div class=\"vcex-feature-box-image wpex-relative wpex-md-text-center\"><img loading=\"lazy\" class=\"wpex-align-middle wpex-object-cover\" decoding=\"async\" src=\"https:\/\/almaspowers.net\/wp-content\/uploads\/2023\/09\/DreamShaper_v7_Magical_Book_of_Universe_Wisdom_1-450x450.jpg\" alt=\"DreamShaper v7 Magical Book of Universe Wisdom 1\" srcset=\"https:\/\/almaspowers.net\/wp-content\/uploads\/2023\/09\/DreamShaper_v7_Magical_Book_of_Universe_Wisdom_1-450x450.jpg 450w, https:\/\/almaspowers.net\/wp-content\/uploads\/2023\/09\/DreamShaper_v7_Magical_Book_of_Universe_Wisdom_1.jpg 936w\" width=\"450\" height=\"450\"><\/div><\/div><div class=\"vcex-feature-box-content\"><h2 class=\"vcex-feature-box-heading wpex-heading wpex-text-xl wpex-mb-20\">Alte Weisheit in die Praxis umgesetzt<\/h2><div class=\"vcex-feature-box-text wpex-last-mb-0 wpex-clr\"><p>Unsere Inhalte basieren auf Erkenntnissen der Neurowissenschaft, Psychologie, Philosophie und Spiritualit\u00e4t. Wir bieten dir jahrhundertealte Weisheiten auf eine einfache, praktische und unterhaltsame Weise, damit du die beste Version von dir selbst erschaffen kannst.<\/p>\n<\/div><\/div><\/div><style>.vcex-feature-box.vcex_69ded03edc7ee .vcex-feature-box-image img{border-radius:var(--wpex-radius-blob-3);}<\/style><style>@media only screen and (min-width: 768px) {.vcex-feature-box.vcex_69ded03edc7ee .vcex-feature-box-media{width:35%;}.vcex-feature-box.vcex_69ded03edc7ee .vcex-feature-box-content{width:55%;}}<\/style><div class=\"vcex-module vcex-feature-box wpex-flex wpex-flex-col wpex-md-flex-row wpex-justify-around wpex-gap-30 wpex-mb-40 left-image-right-content vcex-phone-collapse v-align-middle wpex-md-items-center vcex_69ded03edc7ee\"><div class=\"vcex-feature-box-media\"><div class=\"vcex-feature-box-image wpex-relative wpex-md-text-center\"><img loading=\"lazy\" class=\"wpex-align-middle wpex-object-cover\" decoding=\"async\" src=\"https:\/\/almaspowers.net\/wp-content\/uploads\/2023\/09\/DreamShaper_v7_Teenagers_boy_running_into_the_unknown_to_reach_3-e1695979790357-450x418.jpg\" alt=\"Teenagers_boy_running_into_the_unknown\" srcset=\"https:\/\/almaspowers.net\/wp-content\/uploads\/2023\/09\/DreamShaper_v7_Teenagers_boy_running_into_the_unknown_to_reach_3-e1695979790357-450x418.jpg 450w, https:\/\/almaspowers.net\/wp-content\/uploads\/2023\/09\/DreamShaper_v7_Teenagers_boy_running_into_the_unknown_to_reach_3-e1695979790357-300x279.jpg 300w, https:\/\/almaspowers.net\/wp-content\/uploads\/2023\/09\/DreamShaper_v7_Teenagers_boy_running_into_the_unknown_to_reach_3-e1695979790357-768x714.jpg 768w, https:\/\/almaspowers.net\/wp-content\/uploads\/2023\/09\/DreamShaper_v7_Teenagers_boy_running_into_the_unknown_to_reach_3-e1695979790357-220x204.jpg 220w, https:\/\/almaspowers.net\/wp-content\/uploads\/2023\/09\/DreamShaper_v7_Teenagers_boy_running_into_the_unknown_to_reach_3-e1695979790357.jpg 975w\" width=\"450\" height=\"418\"><\/div><\/div><div class=\"vcex-feature-box-content\"><h2 class=\"vcex-feature-box-heading wpex-heading wpex-text-xl wpex-mb-20\">Geh \u00fcber die Meditation hinaus<\/h2><div class=\"vcex-feature-box-text wpex-last-mb-0 wpex-clr\"><p>Tauche ein in eine ganzheitliche Erfahrung, w\u00e4hrend du dein inneres Selbst durch spannende gef\u00fchrte Meditationen erforschst. Erschaffe Amulette der Kraft, die dich in deinem t\u00e4glichen Leben begleiten und deine pers\u00f6nlichen Entdeckungen zum Leben erwecken. Lass deine \u00e4u\u00dfere Welt deine innere Sch\u00f6nheit widerspiegeln.<\/p>\n<\/div><\/div><\/div>[\/vc_column][\/vc_row][vc_row full_width=&#8220;stretch_row&#8220; wpex_shape_divider_top=&#8220;waves&#8220; css=&#8220;.vc_custom_1696359229763{background-color: #e3efff !important;}&#8220; wpex_shape_divider_top_height=&#8220;40&#8243;][vc_column]<div class=\"vcex-spacing wpex-w-100 wpex-clear\" style=\"height:70px;\"><\/div>[vc_row_inner remove_bottom_col_margin=&#8220;true&#8220;][vc_column_inner][vc_column_text width=&#8220;620px&#8220;]\n<h2 style=\"text-align: center;\">Praktisch. Lustig. Auf den Punkt gebracht.<\/h2>\n<p style=\"text-align: center;\">Willst du das Wissen und die F\u00e4higkeiten der inneren Meisterschaft, ohne Hunderte B\u00fccher \u00fcber pers\u00f6nliche Entwicklung oder Spiritualit\u00e4t lesen zu m\u00fcssen?<\/p>\n[\/vc_column_text]<div class=\"vcex-spacing wpex-w-100 wpex-clear\" style=\"height:4em;\"><\/div><style>.vcex-feature-box.vcex_69ded03edd19f .vcex-feature-box-image img{border-radius:var(--wpex-radius-blob-1);}<\/style><style>@media only screen and (min-width: 1024px) {.vcex-feature-box.vcex_69ded03edd19f .vcex-feature-box-media{width:45%;}.vcex-feature-box.vcex_69ded03edd19f .vcex-feature-box-content{width:45%;}}<\/style><div class=\"vcex-module vcex-feature-box vcex-feature-box--eq-height wpex-flex wpex-flex-col wpex-lg-flex-row wpex-justify-around wpex-gap-30 wpex-mb-40 left-image-right-content v-align-middle wpex-lg-items-center vcex_69ded03edd19f\"><div class=\"vcex-feature-box-media wpex-relative wpex-self-stretch wpex-overflow-hidden\"><div class=\"vcex-feature-box-image wpex-relative wpex-lg-text-center wpex-w-100 wpex-h-100\"><img width=\"1152\" height=\"768\" src=\"https:\/\/almaspowers.net\/wp-content\/uploads\/2023\/10\/Little_prince_Teenage_girl_lying_on_the_floor_facing_upward_wi_3.jpg\" class=\"wpex-align-middle wpex-block wpex-w-100 wpex-h-100 wpex-object-cover\" alt=\"Teenage girl meditating on the floor facing upward\" loading=\"lazy\" decoding=\"async\" srcset=\"https:\/\/almaspowers.net\/wp-content\/uploads\/2023\/10\/Little_prince_Teenage_girl_lying_on_the_floor_facing_upward_wi_3.jpg 1152w, https:\/\/almaspowers.net\/wp-content\/uploads\/2023\/10\/Little_prince_Teenage_girl_lying_on_the_floor_facing_upward_wi_3-300x200.jpg 300w\" sizes=\"auto, (max-width: 1152px) 100vw, 1152px\" \/><\/div><\/div><div class=\"vcex-feature-box-content\"><h2 class=\"vcex-feature-box-heading wpex-heading wpex-text-xl wpex-mb-20\">Entertainment + Meditation = Entertaintion<\/h2><div class=\"vcex-feature-box-text wpex-last-mb-0 wpex-clr\"><p>Reise mit deiner Vorstellungskraft in die weite Welt deines inneren Selbst und erlebe aufschlussreiche Abenteuer, die deine Sicht auf das Leben ver\u00e4ndern und deine nat\u00fcrlichen Kr\u00e4fte aktivieren. Auf jeder Reise entdeckst du deine St\u00e4rken, stellst dich deinen \u00c4ngsten und verbindest dich mit der g\u00f6ttlichen Weisheit, die das Universum regiert. Du brauchst keine Vorkenntnisse bez\u00fcglich Meditation; Unterhaltung ist garantiert!<\/p>\n<\/div><div class=\"vcex-feature-box-button wpex-mt-25\"><a href=\"https:\/\/almaspowers.net\/meditaciones-guiadas\/\" class=\"theme-button\">Meditationen erkunden<\/a><\/div><\/div><\/div><style>.vcex-feature-box.vcex_69ded03ede098 .vcex-feature-box-image img{border-radius:var(--wpex-radius-blob-2);}<\/style><style>@media only screen and (min-width: 1024px) {.vcex-feature-box.vcex_69ded03ede098 .vcex-feature-box-media{width:45%;}.vcex-feature-box.vcex_69ded03ede098 .vcex-feature-box-content{width:45%;}}<\/style><div class=\"vcex-module vcex-feature-box vcex-feature-box--eq-height wpex-flex wpex-flex-col wpex-lg-flex-row-reverse wpex-justify-around wpex-gap-30 wpex-mb-40 left-content-right-image v-align-middle wpex-lg-items-center vcex_69ded03ede098\"><div class=\"vcex-feature-box-media wpex-relative wpex-self-stretch wpex-overflow-hidden\"><div class=\"vcex-feature-box-image wpex-relative wpex-lg-text-center wpex-w-100 wpex-h-100\"><img width=\"1152\" height=\"768\" src=\"https:\/\/almaspowers.net\/wp-content\/uploads\/2023\/10\/Little_prince_Magical_wooden_arrow_adorned_with_ribbons_and_co_3.jpg\" class=\"wpex-align-middle wpex-block wpex-w-100 wpex-h-100 wpex-object-cover\" alt=\"Magical wooden arrow adorned with ribbons\" loading=\"lazy\" decoding=\"async\" srcset=\"https:\/\/almaspowers.net\/wp-content\/uploads\/2023\/10\/Little_prince_Magical_wooden_arrow_adorned_with_ribbons_and_co_3.jpg 1152w, https:\/\/almaspowers.net\/wp-content\/uploads\/2023\/10\/Little_prince_Magical_wooden_arrow_adorned_with_ribbons_and_co_3-300x200.jpg 300w\" sizes=\"auto, (max-width: 1152px) 100vw, 1152px\" \/><\/div><\/div><div class=\"vcex-feature-box-content\"><h2 class=\"vcex-feature-box-heading wpex-heading wpex-text-xl wpex-mb-20\">Von deiner inneren Welt in deine \u00e4u\u00dfere Welt<\/h2><div class=\"vcex-feature-box-text wpex-last-mb-0 wpex-clr\"><p>Gestalte deine eigenen Amulette, die dir Kraft geben, oder besuche unseren Shop, um Alltagsgegenst\u00e4nde zu finden, die dich im Alltag daran erinnern, wie m\u00e4chtig du bist.<\/p>\n<\/div><div class=\"vcex-feature-box-button wpex-mt-25\"><a href=\"#\" class=\"theme-button\">Besuche den Shop <\/a><\/div><\/div><\/div><style>.vcex-feature-box.vcex_69ded03ede75e .vcex-feature-box-image img{border-radius:var(--wpex-radius-blob-3);}<\/style><style>@media only screen and (min-width: 1024px) {.vcex-feature-box.vcex_69ded03ede75e .vcex-feature-box-media{width:45%;}.vcex-feature-box.vcex_69ded03ede75e .vcex-feature-box-content{width:45%;}}<\/style><div class=\"vcex-module vcex-feature-box vcex-feature-box--eq-height wpex-flex wpex-flex-col wpex-lg-flex-row wpex-justify-around wpex-gap-30 wpex-mb-40 left-image-right-content v-align-middle wpex-lg-items-center vcex_69ded03ede75e\"><div class=\"vcex-feature-box-media wpex-relative wpex-self-stretch wpex-overflow-hidden\"><div class=\"vcex-feature-box-image wpex-relative wpex-lg-text-center wpex-w-100 wpex-h-100\"><img width=\"1152\" height=\"768\" src=\"https:\/\/almaspowers.net\/wp-content\/uploads\/2023\/10\/Little_prince_Boy_sitting_on_a_city_bench_watching_his_iPhone_3.jpg\" class=\"wpex-align-middle wpex-block wpex-w-100 wpex-h-100 wpex-object-cover\" alt=\"Boy sitting on a city bench watching his iPhone\" loading=\"lazy\" decoding=\"async\" srcset=\"https:\/\/almaspowers.net\/wp-content\/uploads\/2023\/10\/Little_prince_Boy_sitting_on_a_city_bench_watching_his_iPhone_3.jpg 1152w, https:\/\/almaspowers.net\/wp-content\/uploads\/2023\/10\/Little_prince_Boy_sitting_on_a_city_bench_watching_his_iPhone_3-300x200.jpg 300w\" sizes=\"auto, (max-width: 1152px) 100vw, 1152px\" \/><\/div><\/div><div class=\"vcex-feature-box-content\"><h2 class=\"vcex-feature-box-heading wpex-heading wpex-text-xl wpex-mb-20\">Deine gesamte innere Welt in einer App<\/h2><div class=\"vcex-feature-box-text wpex-last-mb-0 wpex-clr\"><p>Wir entwickeln eine App, die dir alles zur Verf\u00fcgung stellt, was du brauchst, um deine Kr\u00e4fte aktiv zu halten: Meditationen, Animationen, Augmented Reality, Tagebuch etc. Demn\u00e4chst in deinem Lieblings-App-Store.<\/p>\n<p><strong>Demn\u00e4chst<\/strong><\/p>\n<\/div><div class=\"vcex-feature-box-button wpex-mt-25\"><a href=\"#\" class=\"theme-button\">Besuche den Shop<\/a><\/div><\/div><\/div>[\/vc_column_inner][\/vc_row_inner][\/vc_column][\/vc_row]\n<\/div>","protected":false},"excerpt":{"rendered":"<p>[vc_row full_width=&#8220;stretch_row_content_no_spaces&#8220; disable_element=&#8220;yes&#8220; remove_bottom_col_margin=&#8220;true&#8220; wpex_shape_divider_bottom=&#8220;waves&#8220; wpex_shape_divider_bottom_infront=&#8220;true&#8220; wpex_shape_divider_bottom_height=&#8220;35&#8243;][vc_column][\/vc_column][\/vc_row][vc_row full_width=&#8220;stretch_row&#8220; content_placement=&#8220;middle&#8220; wpex_shape_divider_bottom=&#8220;waves&#8220; wpex_shape_divider_bottom_color=&#8220;on-accent&#8220; wpex_shape_divider_bottom_height=&#8220;40&#8243; css=&#8220;.vc_custom_1696359217838{padding-top: 3em !important;padding-bottom: 3em !important;background-color: #e3efff !important;}&#8220;][vc_column width=&#8220;5\/12&#8243;][vc_column_text width=&#8220;850px&#8220;] Entdecke deine St\u00e4rken Entdecke, wer du wirklich bist! Erkenne deine St\u00e4rken und lerne, wie du sie nutzen kannst. [\/vc_column_text][\/vc_column][vc_column width=&#8220;7\/12&#8243;][\/vc_column][\/vc_row][vc_row el_class=&#8220;max1000&#8243;][vc_column][vc_column_text width=&#8220;850px&#8220;] Erkenne dich selbst. Gestalte dich selbst. F\u00fchre dich selbst. Erkenne deine St\u00e4rken&hellip;<\/p>\n","protected":false},"author":1,"featured_media":0,"parent":0,"menu_order":0,"comment_status":"closed","ping_status":"closed","template":"","meta":{"_acf_changed":false,"_kadence_starter_templates_imported_post":false,"footnotes":""},"class_list":["post-281","page","type-page","status-publish","hentry","entry","no-media"],"acf":[],"yoast_head":"<!-- This site is optimized with the Yoast SEO plugin v27.0 - https:\/\/yoast.com\/product\/yoast-seo-wordpress\/ -->\n<title>Startseite - Alma&#039;s Powers<\/title>\n<meta name=\"robots\" content=\"index, follow, max-snippet:-1, max-image-preview:large, max-video-preview:-1\" \/>\n<link rel=\"canonical\" href=\"https:\/\/almaspowers.net\/de\/\" \/>\n<meta property=\"og:locale\" content=\"de_DE\" \/>\n<meta property=\"og:type\" content=\"article\" \/>\n<meta property=\"og:title\" content=\"Startseite - Alma&#039;s Powers\" \/>\n<meta property=\"og:description\" content=\"[vc_row full_width=&#8220;stretch_row_content_no_spaces&#8220; disable_element=&#8220;yes&#8220; remove_bottom_col_margin=&#8220;true&#8220; wpex_shape_divider_bottom=&#8220;waves&#8220; wpex_shape_divider_bottom_infront=&#8220;true&#8220; wpex_shape_divider_bottom_height=&#8220;35&#8243;][vc_column][\/vc_column][\/vc_row][vc_row full_width=&#8220;stretch_row&#8220; content_placement=&#8220;middle&#8220; wpex_shape_divider_bottom=&#8220;waves&#8220; wpex_shape_divider_bottom_color=&#8220;on-accent&#8220; wpex_shape_divider_bottom_height=&#8220;40&#8243; css=&#8220;.vc_custom_1696359217838{padding-top: 3em !important;padding-bottom: 3em !important;background-color: #e3efff !important;}&#8220;][vc_column width=&#8220;5\/12&#8243;][vc_column_text width=&#8220;850px&#8220;] Entdecke deine St\u00e4rken Entdecke, wer du wirklich bist! Erkenne deine St\u00e4rken und lerne, wie du sie nutzen kannst. [\/vc_column_text][\/vc_column][vc_column width=&#8220;7\/12&#8243;][\/vc_column][\/vc_row][vc_row el_class=&#8220;max1000&#8243;][vc_column][vc_column_text width=&#8220;850px&#8220;] Erkenne dich selbst. Gestalte dich selbst. F\u00fchre dich selbst. Erkenne deine St\u00e4rken&hellip;\" \/>\n<meta property=\"og:url\" content=\"https:\/\/almaspowers.net\/de\/\" \/>\n<meta property=\"og:site_name\" content=\"Alma&#039;s Powers\" \/>\n<meta property=\"article:modified_time\" content=\"2023-11-22T10:53:05+00:00\" \/>\n<meta name=\"twitter:card\" content=\"summary_large_image\" \/>\n<meta name=\"twitter:label1\" content=\"Gesch\u00e4tzte Lesezeit\" \/>\n\t<meta name=\"twitter:data1\" content=\"3\u00a0Minuten\" \/>\n<script type=\"application\/ld+json\" class=\"yoast-schema-graph\">{\"@context\":\"https:\/\/schema.org\",\"@graph\":[{\"@type\":\"WebPage\",\"@id\":\"https:\/\/almaspowers.net\/de\/\",\"url\":\"https:\/\/almaspowers.net\/de\/\",\"name\":\"Startseite - Alma&#039;s Powers\",\"isPartOf\":{\"@id\":\"https:\/\/almaspowers.net\/de\/#website\"},\"datePublished\":\"2023-09-29T17:13:39+00:00\",\"dateModified\":\"2023-11-22T10:53:05+00:00\",\"breadcrumb\":{\"@id\":\"https:\/\/almaspowers.net\/de\/#breadcrumb\"},\"inLanguage\":\"de\",\"potentialAction\":[{\"@type\":\"ReadAction\",\"target\":[\"https:\/\/almaspowers.net\/de\/\"]}]},{\"@type\":\"BreadcrumbList\",\"@id\":\"https:\/\/almaspowers.net\/de\/#breadcrumb\",\"itemListElement\":[{\"@type\":\"ListItem\",\"position\":1,\"name\":\"Home\",\"item\":\"https:\/\/almaspowers.net\/de\/\"},{\"@type\":\"ListItem\",\"position\":2,\"name\":\"Startseite\"}]},{\"@type\":\"WebSite\",\"@id\":\"https:\/\/almaspowers.net\/de\/#website\",\"url\":\"https:\/\/almaspowers.net\/de\/\",\"name\":\"Alma&#039;s Powers\",\"description\":\"\",\"potentialAction\":[{\"@type\":\"SearchAction\",\"target\":{\"@type\":\"EntryPoint\",\"urlTemplate\":\"https:\/\/almaspowers.net\/de\/?s={search_term_string}\"},\"query-input\":{\"@type\":\"PropertyValueSpecification\",\"valueRequired\":true,\"valueName\":\"search_term_string\"}}],\"inLanguage\":\"de\"}]}<\/script>\n<!-- \/ Yoast SEO plugin. -->","yoast_head_json":{"title":"Startseite - Alma&#039;s Powers","robots":{"index":"index","follow":"follow","max-snippet":"max-snippet:-1","max-image-preview":"max-image-preview:large","max-video-preview":"max-video-preview:-1"},"canonical":"https:\/\/almaspowers.net\/de\/","og_locale":"de_DE","og_type":"article","og_title":"Startseite - Alma&#039;s Powers","og_description":"[vc_row full_width=&#8220;stretch_row_content_no_spaces&#8220; disable_element=&#8220;yes&#8220; remove_bottom_col_margin=&#8220;true&#8220; wpex_shape_divider_bottom=&#8220;waves&#8220; wpex_shape_divider_bottom_infront=&#8220;true&#8220; wpex_shape_divider_bottom_height=&#8220;35&#8243;][vc_column][\/vc_column][\/vc_row][vc_row full_width=&#8220;stretch_row&#8220; content_placement=&#8220;middle&#8220; wpex_shape_divider_bottom=&#8220;waves&#8220; wpex_shape_divider_bottom_color=&#8220;on-accent&#8220; wpex_shape_divider_bottom_height=&#8220;40&#8243; css=&#8220;.vc_custom_1696359217838{padding-top: 3em !important;padding-bottom: 3em !important;background-color: #e3efff !important;}&#8220;][vc_column width=&#8220;5\/12&#8243;][vc_column_text width=&#8220;850px&#8220;] Entdecke deine St\u00e4rken Entdecke, wer du wirklich bist! Erkenne deine St\u00e4rken und lerne, wie du sie nutzen kannst. [\/vc_column_text][\/vc_column][vc_column width=&#8220;7\/12&#8243;][\/vc_column][\/vc_row][vc_row el_class=&#8220;max1000&#8243;][vc_column][vc_column_text width=&#8220;850px&#8220;] Erkenne dich selbst. Gestalte dich selbst. F\u00fchre dich selbst. Erkenne deine St\u00e4rken&hellip;","og_url":"https:\/\/almaspowers.net\/de\/","og_site_name":"Alma&#039;s Powers","article_modified_time":"2023-11-22T10:53:05+00:00","twitter_card":"summary_large_image","twitter_misc":{"Gesch\u00e4tzte Lesezeit":"3\u00a0Minuten"},"schema":{"@context":"https:\/\/schema.org","@graph":[{"@type":"WebPage","@id":"https:\/\/almaspowers.net\/de\/","url":"https:\/\/almaspowers.net\/de\/","name":"Startseite - Alma&#039;s Powers","isPartOf":{"@id":"https:\/\/almaspowers.net\/de\/#website"},"datePublished":"2023-09-29T17:13:39+00:00","dateModified":"2023-11-22T10:53:05+00:00","breadcrumb":{"@id":"https:\/\/almaspowers.net\/de\/#breadcrumb"},"inLanguage":"de","potentialAction":[{"@type":"ReadAction","target":["https:\/\/almaspowers.net\/de\/"]}]},{"@type":"BreadcrumbList","@id":"https:\/\/almaspowers.net\/de\/#breadcrumb","itemListElement":[{"@type":"ListItem","position":1,"name":"Home","item":"https:\/\/almaspowers.net\/de\/"},{"@type":"ListItem","position":2,"name":"Startseite"}]},{"@type":"WebSite","@id":"https:\/\/almaspowers.net\/de\/#website","url":"https:\/\/almaspowers.net\/de\/","name":"Alma&#039;s Powers","description":"","potentialAction":[{"@type":"SearchAction","target":{"@type":"EntryPoint","urlTemplate":"https:\/\/almaspowers.net\/de\/?s={search_term_string}"},"query-input":{"@type":"PropertyValueSpecification","valueRequired":true,"valueName":"search_term_string"}}],"inLanguage":"de"}]}},"_links":{"self":[{"href":"https:\/\/almaspowers.net\/de\/wp-json\/wp\/v2\/pages\/281","targetHints":{"allow":["GET"]}}],"collection":[{"href":"https:\/\/almaspowers.net\/de\/wp-json\/wp\/v2\/pages"}],"about":[{"href":"https:\/\/almaspowers.net\/de\/wp-json\/wp\/v2\/types\/page"}],"author":[{"embeddable":true,"href":"https:\/\/almaspowers.net\/de\/wp-json\/wp\/v2\/users\/1"}],"replies":[{"embeddable":true,"href":"https:\/\/almaspowers.net\/de\/wp-json\/wp\/v2\/comments?post=281"}],"version-history":[{"count":6,"href":"https:\/\/almaspowers.net\/de\/wp-json\/wp\/v2\/pages\/281\/revisions"}],"predecessor-version":[{"id":377,"href":"https:\/\/almaspowers.net\/de\/wp-json\/wp\/v2\/pages\/281\/revisions\/377"}],"wp:attachment":[{"href":"https:\/\/almaspowers.net\/de\/wp-json\/wp\/v2\/media?parent=281"}],"curies":[{"name":"wp","href":"https:\/\/api.w.org\/{rel}","templated":true}]}}