{"id":307,"date":"2023-09-22T13:16:50","date_gmt":"2023-09-22T18:16:50","guid":{"rendered":"https:\/\/almaspowers.net\/basis\/"},"modified":"2023-10-13T13:19:09","modified_gmt":"2023-10-13T18:19:09","slug":"basis","status":"publish","type":"page","link":"https:\/\/almaspowers.net\/de\/basis\/","title":{"rendered":"Basis"},"content":{"rendered":"<div class=\"wpb-content-wrapper\">[vc_row full_width=&#8220;stretch_row&#8220; wpex_shape_divider_bottom=&#8220;waves&#8220; wpex_shape_divider_bottom_infront=&#8220;true&#8220; wpex_shape_divider_bottom_height=&#8220;40&#8243; css=&#8220;.vc_custom_1697221011435{background-color: #e3efff !important;}&#8220;][vc_column]<div class=\"vcex-spacing wpex-w-100 wpex-clear\" style=\"height:2em;\"><\/div><figure class=\"vcex-image vcex-module wpex-text-center\"><div class=\"vcex-image-inner wpex-relative wpex-inline-block\"><img loading=\"lazy\" class=\"vcex-image-img wpex-align-middle\" decoding=\"async\" src=\"https:\/\/almaspowers.net\/wp-content\/uploads\/2023\/10\/icono-logo-fortaleza1-120x149.png\" alt=\"\" srcset=\"https:\/\/almaspowers.net\/wp-content\/uploads\/2023\/10\/icono-logo-fortaleza1-120x149.png 120w, https:\/\/almaspowers.net\/wp-content\/uploads\/2023\/10\/icono-logo-fortaleza1.png 1470w\" width=\"120\" height=\"149\"><\/div><\/figure>[vc_column_text width=&#8220;850px&#8220;]\n<h1 style=\"text-align: center;\"><b>Wie k\u00f6nnen wir herausfinden, wer wir sind und wie wir zu dem werden k\u00f6nnen, was wir m\u00f6chten?<\/b><\/h1>\n<p style=\"text-align: center;\"><span style=\"font-weight: 400;\">Die Frage nach unserer Identit\u00e4t und unserem wahren Wesen hat die Menschen schon immer fasziniert. <strong>Die Philosophie, die Neurowissenschaften, die Psychologie und die spirituellen Traditionen<\/strong> haben unterschiedliche Ansichten zu diesem Thema dargestellt. Trotz aller Unterschiede gibt es jedoch viele Gemeinsamkeiten. All diese Fachgebiete bilden die Basis unseres Inhalts.<\/span><\/p>\n[\/vc_column_text][\/vc_column][\/vc_row][vc_row css=&#8220;.vc_custom_1697215563851{margin-top: 10px !important;margin-bottom: 10px !important;border-top-width: 10px !important;border-bottom-width: 10px !important;padding-top: 10px !important;padding-bottom: 10px !important;}&#8220;][vc_column css=&#8220;.vc_custom_1697106249519{margin-top: 2px !important;margin-bottom: 2px !important;border-top-width: 2px !important;border-bottom-width: 2px !important;}&#8220;]<style>.vcex-feature-box.vcex_69dee3c32d3d2 .vcex-feature-box-heading{margin-block-end:10px;}.vcex-feature-box.vcex_69dee3c32d3d2 .vcex-feature-box-image img{border-radius:var(--wpex-radius-blob-5);}<\/style><style>@media only screen and (min-width: 1024px) {.vcex-feature-box.vcex_69dee3c32d3d2 .vcex-feature-box-media{width:45%;}.vcex-feature-box.vcex_69dee3c32d3d2 .vcex-feature-box-content{width:45%;}}<\/style><div class=\"vcex-module vcex-feature-box wpex-flex wpex-flex-col wpex-lg-flex-row wpex-justify-around wpex-gap-30 wpex-mb-40 left-image-right-content v-align-middle wpex-lg-items-center vcex_69dee3c32d3d2\"><div class=\"vcex-feature-box-media\"><div class=\"vcex-feature-box-image wpex-relative wpex-lg-text-center\"><img width=\"1152\" height=\"768\" src=\"https:\/\/almaspowers.net\/wp-content\/uploads\/2023\/10\/Little_prince_Simple_shapes_cute_cartoon_of_Socrates_and_other_1.jpg\" class=\"wpex-align-middle wpex-object-cover\" alt=\"Socrates and other  ancient philosophers discussing under a tree\" loading=\"lazy\" decoding=\"async\" srcset=\"https:\/\/almaspowers.net\/wp-content\/uploads\/2023\/10\/Little_prince_Simple_shapes_cute_cartoon_of_Socrates_and_other_1.jpg 1152w, https:\/\/almaspowers.net\/wp-content\/uploads\/2023\/10\/Little_prince_Simple_shapes_cute_cartoon_of_Socrates_and_other_1-450x300.jpg 450w, https:\/\/almaspowers.net\/wp-content\/uploads\/2023\/10\/Little_prince_Simple_shapes_cute_cartoon_of_Socrates_and_other_1-500x333.jpg 500w\" sizes=\"auto, (max-width: 1152px) 100vw, 1152px\" \/><\/div><\/div><div class=\"vcex-feature-box-content\"><h2 class=\"vcex-feature-box-heading wpex-heading wpex-text-xl\">Die Philosophie: Erkenne dich selbst.<\/h2><div class=\"vcex-feature-box-text wpex-last-mb-0 wpex-clr\"><p><b>Philosophie.<\/b> Die Philosophie, die von Pers\u00f6nlichkeiten wie Sokrates vertreten wird, lehrt uns, dass wir uns selbst kennen m\u00fcssen, um unsere wahre Natur zu erkennen. Sokrates sagte: \u201cErkenne dich selbst\u201d. Das bedeutet, dass die Selbstbeobachtung und die Selbsterforschung entscheidend sind, um zu verstehen, wer wir wirklich sind und wie wir unser Gl\u00fcck erreichen k\u00f6nnen.<\/p>\n<\/div><\/div><\/div><style>.vcex-feature-box.vcex_69dee3c32e143 .vcex-feature-box-heading{margin-block-end:10px;}.vcex-feature-box.vcex_69dee3c32e143 .vcex-feature-box-image img{border-radius:var(--wpex-radius-blob-4);}<\/style><style>@media only screen and (min-width: 1024px) {.vcex-feature-box.vcex_69dee3c32e143 .vcex-feature-box-media{width:45%;}.vcex-feature-box.vcex_69dee3c32e143 .vcex-feature-box-content{width:45%;}}<\/style><div class=\"vcex-module vcex-feature-box wpex-flex wpex-flex-col wpex-lg-flex-row-reverse wpex-justify-around wpex-gap-30 wpex-mb-40 left-content-right-image v-align-middle wpex-lg-items-center vcex_69dee3c32e143\"><div class=\"vcex-feature-box-media\"><div class=\"vcex-feature-box-image wpex-relative wpex-lg-text-center\"><img width=\"1152\" height=\"768\" src=\"https:\/\/almaspowers.net\/wp-content\/uploads\/2023\/10\/neuroscientific.jpg\" class=\"wpex-align-middle wpex-object-cover\" alt=\"neuroscientific\" loading=\"lazy\" decoding=\"async\" srcset=\"https:\/\/almaspowers.net\/wp-content\/uploads\/2023\/10\/neuroscientific.jpg 1152w, https:\/\/almaspowers.net\/wp-content\/uploads\/2023\/10\/neuroscientific-450x300.jpg 450w\" sizes=\"auto, (max-width: 1152px) 100vw, 1152px\" \/><\/div><\/div><div class=\"vcex-feature-box-content\"><h2 class=\"vcex-feature-box-heading wpex-heading wpex-text-xl\">Die Neurowissenschaft und die Plastizit\u00e4t des Gehirns<\/h2><div class=\"vcex-feature-box-text wpex-last-mb-0 wpex-clr\"><p><b>Neurowissenschaft.<\/b> Durch Experten wie Mario Alonso Puig erfahren wir mehr \u00fcber unser menschliches Potenzial und die Ver\u00e4nderlichkeit unseres Gehirns. Studien zeigen: Wenn wir verstehen, wie das Gehirn unser Denken, F\u00fchlen und Handeln beeinflusst, k\u00f6nnen wir es formen und seine M\u00f6glichkeiten nutzen, um unser Wohlbefinden und unseren Lebenserfolg zu steigern. Die f\u00fchrenden Wissenschaftler auf diesem Gebiet betonen, dass positive Einstellung, Resilienz und emotionales Management wichtige Werkzeuge sind, um unser Potenzial zu entfalten und Herausforderungen zu bew\u00e4ltigen.<\/p>\n<\/div><\/div><\/div><style>.vcex-feature-box.vcex_69dee3c32e88a .vcex-feature-box-heading{margin-block-end:10px;}.vcex-feature-box.vcex_69dee3c32e88a .vcex-feature-box-image img{border-radius:var(--wpex-radius-blob-3);}<\/style><style>@media only screen and (min-width: 1024px) {.vcex-feature-box.vcex_69dee3c32e88a .vcex-feature-box-media{width:45%;}.vcex-feature-box.vcex_69dee3c32e88a .vcex-feature-box-content{width:45%;}}<\/style><div class=\"vcex-module vcex-feature-box wpex-flex wpex-flex-col wpex-lg-flex-row wpex-justify-around wpex-gap-30 wpex-mb-40 left-image-right-content v-align-middle wpex-lg-items-center vcex_69dee3c32e88a\"><div class=\"vcex-feature-box-media\"><div class=\"vcex-feature-box-image wpex-relative wpex-lg-text-center\"><img width=\"1152\" height=\"768\" src=\"https:\/\/almaspowers.net\/wp-content\/uploads\/2023\/10\/psychotherapist.jpg\" class=\"wpex-align-middle wpex-object-cover\" alt=\"psychotherapist\" loading=\"lazy\" decoding=\"async\" srcset=\"https:\/\/almaspowers.net\/wp-content\/uploads\/2023\/10\/psychotherapist.jpg 1152w, https:\/\/almaspowers.net\/wp-content\/uploads\/2023\/10\/psychotherapist-450x300.jpg 450w\" sizes=\"auto, (max-width: 1152px) 100vw, 1152px\" \/><\/div><\/div><div class=\"vcex-feature-box-content\"><h2 class=\"vcex-feature-box-heading wpex-heading wpex-text-xl\">Psychologie und die Suche nach Selbstverwirklichung<\/h2><div class=\"vcex-feature-box-text wpex-last-mb-0 wpex-clr\"><p><b>Die Psychologie.<\/b> Die Psychologie hat uns durch Denker wie Abraham Maslow gelehrt, dass Selbstverwirklichung ein angeborener Wunsch ist, den wir alle in uns tragen. Maslow glaubte, dass wir alle den angeborenen Wunsch haben, unser volles Potenzial auszusch\u00f6pfen. Unsere wahre Natur k\u00f6nnen wir durch pers\u00f6nliche Entwicklung und Selbstverwirklichung erlangen. Die <b>positive Psychologie<\/b>, mit Martin Seligman als Hauptvertreter, zielt darauf ab zu verstehen, wie Menschen aufbl\u00fchen und ein bedeutungsvolles Leben f\u00fchren k\u00f6nnen. Dabei betont sie die Wichtigkeit von Dankbarkeit, Belastbarkeit, Optimismus und positiven Beziehungen f\u00fcr ein erf\u00fclltes und zufriedenstellendes Leben.<\/p>\n<\/div><\/div><\/div><style>.vcex-feature-box.vcex_69dee3c32efce .vcex-feature-box-heading{margin-block-end:10px;}.vcex-feature-box.vcex_69dee3c32efce .vcex-feature-box-image img{border-radius:var(--wpex-radius-blob-2);}<\/style><style>@media only screen and (min-width: 1024px) {.vcex-feature-box.vcex_69dee3c32efce .vcex-feature-box-media{width:45%;}.vcex-feature-box.vcex_69dee3c32efce .vcex-feature-box-content{width:45%;}}<\/style><div class=\"vcex-module vcex-feature-box wpex-flex wpex-flex-col wpex-lg-flex-row-reverse wpex-justify-around wpex-gap-30 wpex-mb-40 left-content-right-image v-align-middle wpex-lg-items-center vcex_69dee3c32efce\"><div class=\"vcex-feature-box-media\"><div class=\"vcex-feature-box-image wpex-relative wpex-lg-text-center\"><img width=\"1152\" height=\"768\" src=\"https:\/\/almaspowers.net\/wp-content\/uploads\/2023\/10\/Little_prince_Cherokee_shaman_making_an_offering_to_the_gods_1.jpg\" class=\"wpex-align-middle wpex-object-cover\" alt=\"Little prince Cherokee shaman making an offering to the gods 1\" loading=\"lazy\" decoding=\"async\" srcset=\"https:\/\/almaspowers.net\/wp-content\/uploads\/2023\/10\/Little_prince_Cherokee_shaman_making_an_offering_to_the_gods_1.jpg 1152w, https:\/\/almaspowers.net\/wp-content\/uploads\/2023\/10\/Little_prince_Cherokee_shaman_making_an_offering_to_the_gods_1-450x300.jpg 450w\" sizes=\"auto, (max-width: 1152px) 100vw, 1152px\" \/><\/div><\/div><div class=\"vcex-feature-box-content\"><h2 class=\"vcex-feature-box-heading wpex-heading wpex-text-xl\">Spirituelle Traditionen und die Verbindung zu etwas Gr\u00f6\u00dferem als uns selbst<\/h2><div class=\"vcex-feature-box-text wpex-last-mb-0 wpex-clr\"><p><b>Spirituelle Traditionen<\/b> wie der Buddhismus, das Christentum und der Schamanismus, bieten ebenfalls ihre Perspektiven an. Der Buddhismus, der von Buddha geleitet wird, sagt uns, dass unsere wahre Natur jenseits von Illusion und Leiden liegt. Das Christentum, das den Lehren von Jesus folgt, betont Liebe und Mitgef\u00fchl als zentrale Elemente unseres Wesens. Der Schamanismus l\u00e4dt dazu ein, sich eins mit der Natur und allem Seienden f\u00fchlen.<\/p>\n<p>In allen Religionen und spirituellen Traditionen ist die Beziehung zu anderen Menschen und zu der gro\u00dfen universellen Intelligenz, von der wir ein Teil sind, ein wichtiger Faktor f\u00fcr unser Gl\u00fcck.<\/p>\n<\/div><\/div><\/div><style>.vcex-feature-box.vcex_69dee3c32f71e .vcex-feature-box-heading{margin-block-end:10px;}.vcex-feature-box.vcex_69dee3c32f71e .vcex-feature-box-image img{border-radius:var(--wpex-radius-blob-1);}<\/style><style>@media only screen and (min-width: 1024px) {.vcex-feature-box.vcex_69dee3c32f71e .vcex-feature-box-media{width:45%;}.vcex-feature-box.vcex_69dee3c32f71e .vcex-feature-box-content{width:45%;}}<\/style><div class=\"vcex-module vcex-feature-box wpex-flex wpex-flex-col wpex-lg-flex-row wpex-justify-around wpex-gap-30 wpex-mb-40 left-image-right-content v-align-middle wpex-lg-items-center vcex_69dee3c32f71e\"><div class=\"vcex-feature-box-media\"><div class=\"vcex-feature-box-image wpex-relative wpex-lg-text-center\"><img width=\"1152\" height=\"768\" src=\"https:\/\/almaspowers.net\/wp-content\/uploads\/2023\/10\/teenage-girl-looking-at-the-horizon-from-the-top-of-a-rocky-mountain.jpg\" class=\"wpex-align-middle wpex-object-cover\" alt=\"teenage girl looking at the horizon from the top of a rocky mountain\" loading=\"lazy\" decoding=\"async\" srcset=\"https:\/\/almaspowers.net\/wp-content\/uploads\/2023\/10\/teenage-girl-looking-at-the-horizon-from-the-top-of-a-rocky-mountain.jpg 1152w, https:\/\/almaspowers.net\/wp-content\/uploads\/2023\/10\/teenage-girl-looking-at-the-horizon-from-the-top-of-a-rocky-mountain-450x300.jpg 450w\" sizes=\"auto, (max-width: 1152px) 100vw, 1152px\" \/><\/div><\/div><div class=\"vcex-feature-box-content\"><h2 class=\"vcex-feature-box-heading wpex-heading wpex-text-xl\">Zusammengefasst:<\/h2><div class=\"vcex-feature-box-text wpex-last-mb-0 wpex-clr\"><p>Das Selbst ist ein komplexes R\u00e4tsel, das schon seit vielen Jahren Denker und Wissenschaftler fasziniert hat. Obwohl sich die Perspektiven unterscheiden, weisen alle auf die Bedeutung der Selbsterforschung, der pers\u00f6nlichen Entwicklung und der Verbindung zu etwas Gr\u00f6\u00dferem als Weg zur Entdeckung unserer wahren Natur hin. Vielleicht ist es an der Zeit, nicht mehr dar\u00fcber zu diskutieren, wer recht hat oder nicht, ob eine Religion besser ist als eine andere oder ob Spiritualit\u00e4t und Wissenschaft unvereinbar sind. Es ist mittlerweile erwiesen, dass alle diese Disziplinen \u00fcber dasselbe sprechen, jedoch in unterschiedlichen Sprachen. Die Antwort k\u00f6nnen wir also in jeder von ihnen oder noch besser in uns selbst finden.<\/p>\n<\/div><\/div><\/div>[\/vc_column][\/vc_row][vc_row][vc_column][vc_column_text text_align=&#8220;center&#8220; width=&#8220;850px&#8220;]\n<h2 style=\"text-align: center;\">Wer sind wir?<\/h2>\n<h3 style=\"text-align: center;\">Vielleicht sind die Antworten auf die Fragen, die wir uns stellen, in der Reise selbst verborgen, auf die wir uns begeben, um sie zu entdecken.<\/h3>\n[\/vc_column_text][\/vc_column][\/vc_row][vc_row full_width=&#8220;stretch_row&#8220; content_placement=&#8220;middle&#8220; remove_bottom_col_margin=&#8220;true&#8220; typography_style=&#8220;white&#8220; wpex_shape_divider_top=&#8220;waves&#8220; css=&#8220;.vc_custom_1696358218720{margin-top: 80px !important;padding-top: 80px !important;padding-bottom: 120px !important;background-color: #009ce1 !important;}&#8220; wpex_shape_divider_top_height=&#8220;40&#8243; wpex_shape_divider_top_color=&#8220;#ffffff&#8220;][vc_column]<div class=\"vcex-module vcex-divider-dots wpex-mx-auto wpex-last-mr-0 wpex-mb-15 wpex-text-center\"><span class=\"wpex-inline-block wpex-rounded-full wpex-mr-10\" style=\"background:#04001e;height:8px;width:8px;\"><\/span><span class=\"wpex-inline-block wpex-rounded-full wpex-mr-10\" style=\"background:#04001e;height:8px;width:8px;\"><\/span><span class=\"wpex-inline-block wpex-rounded-full wpex-mr-10\" style=\"background:#04001e;height:8px;width:8px;\"><\/span><\/div><h2 class=\"vcex-heading vcex-heading-plain vcex-module wpex-heading wpex-text-2xl wpex-text-center\"><span class=\"vcex-heading-inner wpex-inline-block\">Kennst du deine St\u00e4rken?<\/span><\/h2><div class=\"vcex-spacing wpex-w-100 wpex-clear\" style=\"height:15px;\"><\/div>[vc_column_text text_align=&#8220;center&#8220; width=&#8220;700px&#8220;]<span style=\"font-weight: 400;\">In Religionen werden sie &#8222;Werte&#8220; genannt, Philosophen sprechen von &#8222;Tugenden&#8220;, in Unternehmen hei\u00dfen sie &#8222;Soft Skills&#8220; und die WHO definiert sie als &#8222;Lebenskompetenzen&#8220;. Unabh\u00e4ngig davon, wie du sie nennst, sind diese Kr\u00e4fte entscheidend, um die Anforderungen und Herausforderungen deines Lebens zu meistern. <\/span>[\/vc_column_text]<div class=\"vcex-spacing wpex-w-100 wpex-clear\" style=\"height:20px;\"><\/div><style>.vcex-button.vcex_69dee3c33075c{background:#04001e;}<\/style><div class=\"theme-button-wrap textcenter wpex-clr\"><a href=\"#\" class=\"vcex-button theme-button align-center inline vcex_69dee3c33075c\"><span class=\"vcex-button-inner theme-button-inner wpex-flex wpex-flex-wrap wpex-items-center wpex-justify-center\">Weitere Informationen<\/span><\/a><\/div> [\/vc_column][\/vc_row]\n<\/div>","protected":false},"excerpt":{"rendered":"<p>[vc_row full_width=&#8220;stretch_row&#8220; wpex_shape_divider_bottom=&#8220;waves&#8220; wpex_shape_divider_bottom_infront=&#8220;true&#8220; wpex_shape_divider_bottom_height=&#8220;40&#8243; css=&#8220;.vc_custom_1697221011435{background-color: #e3efff !important;}&#8220;][vc_column][vc_column_text width=&#8220;850px&#8220;] Wie k\u00f6nnen wir herausfinden, wer wir sind und wie wir zu dem werden k\u00f6nnen, was wir m\u00f6chten? Die Frage nach unserer Identit\u00e4t und unserem wahren Wesen hat die Menschen schon immer fasziniert. Die Philosophie, die Neurowissenschaften, die Psychologie und die spirituellen Traditionen haben unterschiedliche Ansichten zu&hellip;<\/p>\n","protected":false},"author":1,"featured_media":0,"parent":0,"menu_order":0,"comment_status":"closed","ping_status":"closed","template":"","meta":{"_acf_changed":false,"_kadence_starter_templates_imported_post":false,"footnotes":""},"class_list":["post-307","page","type-page","status-publish","hentry","entry","no-media"],"acf":[],"yoast_head":"<!-- This site is optimized with the Yoast SEO plugin v27.0 - https:\/\/yoast.com\/product\/yoast-seo-wordpress\/ -->\n<title>Basis - Alma&#039;s Powers<\/title>\n<meta name=\"robots\" content=\"index, follow, max-snippet:-1, max-image-preview:large, max-video-preview:-1\" \/>\n<link rel=\"canonical\" href=\"https:\/\/almaspowers.net\/de\/basis\/\" \/>\n<meta property=\"og:locale\" content=\"de_DE\" \/>\n<meta property=\"og:type\" content=\"article\" \/>\n<meta property=\"og:title\" content=\"Basis - Alma&#039;s Powers\" \/>\n<meta property=\"og:description\" content=\"[vc_row full_width=&#8220;stretch_row&#8220; wpex_shape_divider_bottom=&#8220;waves&#8220; wpex_shape_divider_bottom_infront=&#8220;true&#8220; wpex_shape_divider_bottom_height=&#8220;40&#8243; css=&#8220;.vc_custom_1697221011435{background-color: #e3efff !important;}&#8220;][vc_column][vc_column_text width=&#8220;850px&#8220;] Wie k\u00f6nnen wir herausfinden, wer wir sind und wie wir zu dem werden k\u00f6nnen, was wir m\u00f6chten? Die Frage nach unserer Identit\u00e4t und unserem wahren Wesen hat die Menschen schon immer fasziniert. Die Philosophie, die Neurowissenschaften, die Psychologie und die spirituellen Traditionen haben unterschiedliche Ansichten zu&hellip;\" \/>\n<meta property=\"og:url\" content=\"https:\/\/almaspowers.net\/de\/basis\/\" \/>\n<meta property=\"og:site_name\" content=\"Alma&#039;s Powers\" \/>\n<meta property=\"article:modified_time\" content=\"2023-10-13T18:19:09+00:00\" \/>\n<meta name=\"twitter:card\" content=\"summary_large_image\" \/>\n<meta name=\"twitter:label1\" content=\"Gesch\u00e4tzte Lesezeit\" \/>\n\t<meta name=\"twitter:data1\" content=\"5\u00a0Minuten\" \/>\n<script type=\"application\/ld+json\" class=\"yoast-schema-graph\">{\"@context\":\"https:\/\/schema.org\",\"@graph\":[{\"@type\":\"WebPage\",\"@id\":\"https:\/\/almaspowers.net\/de\/basis\/\",\"url\":\"https:\/\/almaspowers.net\/de\/basis\/\",\"name\":\"Basis - Alma&#039;s Powers\",\"isPartOf\":{\"@id\":\"https:\/\/almaspowers.net\/de\/#website\"},\"datePublished\":\"2023-09-22T18:16:50+00:00\",\"dateModified\":\"2023-10-13T18:19:09+00:00\",\"breadcrumb\":{\"@id\":\"https:\/\/almaspowers.net\/de\/basis\/#breadcrumb\"},\"inLanguage\":\"de\",\"potentialAction\":[{\"@type\":\"ReadAction\",\"target\":[\"https:\/\/almaspowers.net\/de\/basis\/\"]}]},{\"@type\":\"BreadcrumbList\",\"@id\":\"https:\/\/almaspowers.net\/de\/basis\/#breadcrumb\",\"itemListElement\":[{\"@type\":\"ListItem\",\"position\":1,\"name\":\"Home\",\"item\":\"https:\/\/almaspowers.net\/de\/\"},{\"@type\":\"ListItem\",\"position\":2,\"name\":\"Basis\"}]},{\"@type\":\"WebSite\",\"@id\":\"https:\/\/almaspowers.net\/de\/#website\",\"url\":\"https:\/\/almaspowers.net\/de\/\",\"name\":\"Alma&#039;s Powers\",\"description\":\"\",\"potentialAction\":[{\"@type\":\"SearchAction\",\"target\":{\"@type\":\"EntryPoint\",\"urlTemplate\":\"https:\/\/almaspowers.net\/de\/?s={search_term_string}\"},\"query-input\":{\"@type\":\"PropertyValueSpecification\",\"valueRequired\":true,\"valueName\":\"search_term_string\"}}],\"inLanguage\":\"de\"}]}<\/script>\n<!-- \/ Yoast SEO plugin. -->","yoast_head_json":{"title":"Basis - Alma&#039;s Powers","robots":{"index":"index","follow":"follow","max-snippet":"max-snippet:-1","max-image-preview":"max-image-preview:large","max-video-preview":"max-video-preview:-1"},"canonical":"https:\/\/almaspowers.net\/de\/basis\/","og_locale":"de_DE","og_type":"article","og_title":"Basis - Alma&#039;s Powers","og_description":"[vc_row full_width=&#8220;stretch_row&#8220; wpex_shape_divider_bottom=&#8220;waves&#8220; wpex_shape_divider_bottom_infront=&#8220;true&#8220; wpex_shape_divider_bottom_height=&#8220;40&#8243; css=&#8220;.vc_custom_1697221011435{background-color: #e3efff !important;}&#8220;][vc_column][vc_column_text width=&#8220;850px&#8220;] Wie k\u00f6nnen wir herausfinden, wer wir sind und wie wir zu dem werden k\u00f6nnen, was wir m\u00f6chten? Die Frage nach unserer Identit\u00e4t und unserem wahren Wesen hat die Menschen schon immer fasziniert. Die Philosophie, die Neurowissenschaften, die Psychologie und die spirituellen Traditionen haben unterschiedliche Ansichten zu&hellip;","og_url":"https:\/\/almaspowers.net\/de\/basis\/","og_site_name":"Alma&#039;s Powers","article_modified_time":"2023-10-13T18:19:09+00:00","twitter_card":"summary_large_image","twitter_misc":{"Gesch\u00e4tzte Lesezeit":"5\u00a0Minuten"},"schema":{"@context":"https:\/\/schema.org","@graph":[{"@type":"WebPage","@id":"https:\/\/almaspowers.net\/de\/basis\/","url":"https:\/\/almaspowers.net\/de\/basis\/","name":"Basis - Alma&#039;s Powers","isPartOf":{"@id":"https:\/\/almaspowers.net\/de\/#website"},"datePublished":"2023-09-22T18:16:50+00:00","dateModified":"2023-10-13T18:19:09+00:00","breadcrumb":{"@id":"https:\/\/almaspowers.net\/de\/basis\/#breadcrumb"},"inLanguage":"de","potentialAction":[{"@type":"ReadAction","target":["https:\/\/almaspowers.net\/de\/basis\/"]}]},{"@type":"BreadcrumbList","@id":"https:\/\/almaspowers.net\/de\/basis\/#breadcrumb","itemListElement":[{"@type":"ListItem","position":1,"name":"Home","item":"https:\/\/almaspowers.net\/de\/"},{"@type":"ListItem","position":2,"name":"Basis"}]},{"@type":"WebSite","@id":"https:\/\/almaspowers.net\/de\/#website","url":"https:\/\/almaspowers.net\/de\/","name":"Alma&#039;s Powers","description":"","potentialAction":[{"@type":"SearchAction","target":{"@type":"EntryPoint","urlTemplate":"https:\/\/almaspowers.net\/de\/?s={search_term_string}"},"query-input":{"@type":"PropertyValueSpecification","valueRequired":true,"valueName":"search_term_string"}}],"inLanguage":"de"}]}},"_links":{"self":[{"href":"https:\/\/almaspowers.net\/de\/wp-json\/wp\/v2\/pages\/307","targetHints":{"allow":["GET"]}}],"collection":[{"href":"https:\/\/almaspowers.net\/de\/wp-json\/wp\/v2\/pages"}],"about":[{"href":"https:\/\/almaspowers.net\/de\/wp-json\/wp\/v2\/types\/page"}],"author":[{"embeddable":true,"href":"https:\/\/almaspowers.net\/de\/wp-json\/wp\/v2\/users\/1"}],"replies":[{"embeddable":true,"href":"https:\/\/almaspowers.net\/de\/wp-json\/wp\/v2\/comments?post=307"}],"version-history":[{"count":11,"href":"https:\/\/almaspowers.net\/de\/wp-json\/wp\/v2\/pages\/307\/revisions"}],"predecessor-version":[{"id":346,"href":"https:\/\/almaspowers.net\/de\/wp-json\/wp\/v2\/pages\/307\/revisions\/346"}],"wp:attachment":[{"href":"https:\/\/almaspowers.net\/de\/wp-json\/wp\/v2\/media?parent=307"}],"curies":[{"name":"wp","href":"https:\/\/api.w.org\/{rel}","templated":true}]}}