{"id":380,"date":"2023-09-29T12:12:45","date_gmt":"2023-09-29T17:12:45","guid":{"rendered":"https:\/\/almaspowers.net\/las-fortalezas\/"},"modified":"2023-11-24T04:38:54","modified_gmt":"2023-11-24T10:38:54","slug":"las-fortalezas","status":"publish","type":"page","link":"https:\/\/almaspowers.net\/de\/las-fortalezas\/","title":{"rendered":"Die St\u00e4rken"},"content":{"rendered":"<div class=\"wpb-content-wrapper\">[vc_row full_width=&#8220;stretch_row&#8220; wpex_shape_divider_bottom=&#8220;waves&#8220; wpex_shape_divider_bottom_infront=&#8220;true&#8220; wpex_shape_divider_bottom_height=&#8220;40&#8243; css=&#8220;.vc_custom_1697221125927{background-color: #e3efff !important;}&#8220;][vc_column]<div class=\"vcex-spacing wpex-w-100 wpex-clear\" style=\"height:2em;\"><\/div><figure class=\"vcex-image vcex-module wpex-text-center\"><div class=\"vcex-image-inner wpex-relative wpex-inline-block\"><img loading=\"lazy\" class=\"vcex-image-img wpex-align-middle\" decoding=\"async\" src=\"https:\/\/almaspowers.net\/wp-content\/uploads\/2023\/10\/icono-logo-fortaleza1-120x149.png\" alt=\"\" srcset=\"https:\/\/almaspowers.net\/wp-content\/uploads\/2023\/10\/icono-logo-fortaleza1-120x149.png 120w, https:\/\/almaspowers.net\/wp-content\/uploads\/2023\/10\/icono-logo-fortaleza1.png 1470w\" width=\"120\" height=\"149\"><\/div><\/figure>[vc_column_text width=&#8220;850px&#8220;]\n<h1 style=\"text-align: center;\">Willst du deine Kr\u00e4fte entwickeln?<\/h1>\n<p style=\"text-align: center;\"><span class=\"wpex-text-lg\">Hier beginnt die Reise in deine innere Welt. Entdecke die Komplexit\u00e4t deines Wesens und die Energien, die es bewohnen. Diese Welt geh\u00f6rt dir und du musst lernen, sie mit Weisheit und Liebe zu lenken. Ihre Bewohner sind deine Kr\u00e4fte, deine Gef\u00fchle, dein rationaler Verstand und dein Ego, neben vielen anderen interessanten Charakteren.<\/span><\/p>\n[\/vc_column_text][\/vc_column][\/vc_row][vc_row css=&#8220;.vc_custom_1626518495247{margin-top: 100px !important;margin-bottom: 20px !important;}&#8220;][vc_column][vc_column_text text_align=&#8220;center&#8220; width=&#8220;850px&#8220;]\n<h2 style=\"text-align: center;\">Lerne dich selbst kennen, gestalte dich selbst und handle mit dir selbst.<\/h2>\n<p style=\"text-align: center;\">Dies ist der Ort, an dem deine Tr\u00e4ume und Beziehungen geschmiedet werden, aber auch der Ort, an dem gro\u00dfe Konflikte und Schlachten ausgetragen werden. Reise durch dein Reich, lerne deine Untertanen kennen, arbeite mit deinem Gefolge von Mitarbeitern zusammen, stelle Harmonie her und erwerbe die Kr\u00e4fte, die du brauchst, um die Anforderungen und Herausforderungen deines Lebens erfolgreich zu meistern.<\/p>\n[\/vc_column_text]<div class=\"vcex-spacing wpex-w-100 wpex-clear\" style=\"height:60px;\"><\/div><div class=\"vcex-grid-container vcex-module wpex-grid wpex-gap-20 wpex-grid-cols-1 wpex-sm-grid-cols-1 wpex-md-grid-cols-1 wpex-lg-grid-cols-2\" style=\"gap:40px;\"><style>.vcex-icon-box.vcex_69dee2591ca9f .vcex-icon-box-icon{font-size:35px;color:#a14fd1;background-color:#eae6f2;border-radius:9999px;height:75px;}.vcex-icon-box.vcex_69dee2591ca9f .vcex-icon-box-image{border-radius:var(--wpex-rounded-sm);width:200px;}.vcex-icon-box.vcex_69dee2591ca9f .vcex-icon-box-symbol{width:75px;}<\/style><div class=\"vcex-module vcex-icon-box vcex-icon-box-one wpex-flex wpex-flex-col wpex-sm-flex-row wpex-gap-20 wpex-sm-items-center wpex-block wpex-text-left vcex_69dee2591ca9f\"><div class=\"vcex-icon-box-symbol vcex-icon-box-symbol--image wpex-flex-shrink-0 wpex-mr-auto\"><img loading=\"lazy\" class=\"vcex-icon-box-image wpex-align-middle\" decoding=\"async\" src=\"https:\/\/almaspowers.net\/wp-content\/uploads\/2023\/09\/curiosidad-web-2037x2048-1-200x201.jpg\" alt=\"\" srcset=\"https:\/\/almaspowers.net\/wp-content\/uploads\/2023\/09\/curiosidad-web-2037x2048-1-200x201.jpg 200w, https:\/\/almaspowers.net\/wp-content\/uploads\/2023\/09\/curiosidad-web-2037x2048-1-250x251.jpg 250w, https:\/\/almaspowers.net\/wp-content\/uploads\/2023\/09\/curiosidad-web-2037x2048-1.jpg 350w\" width=\"200\" height=\"201\"><\/div><div class=\"vcex-icon-box-text wpex-flex-grow\"><h3 class=\"vcex-icon-box-heading wpex-heading wpex-text-lg wpex-mb-10\">Neugierde<\/h3><div class=\"vcex-icon-box-content wpex-last-mb-0 wpex-clr\"><p><span style=\"font-weight: 400\">Neugierde ist eine unserer fr\u00f6hlichsten und aktivsten St\u00e4rken. Sie zeigt sich schon fr\u00fch in unserem Leben und hilft uns, die Welt um uns herum kennenzulernen, damit wir uns in ihr zurechtfinden.<\/span><\/p>\n<\/div><\/div><\/div><style>.vcex-icon-box.vcex_69dee2591df83 .vcex-icon-box-icon{font-size:35px;color:#a14fd1;background-color:#eae6f2;border-radius:9999px;height:75px;}.vcex-icon-box.vcex_69dee2591df83 .vcex-icon-box-image{border-radius:var(--wpex-rounded-sm);width:200px;}.vcex-icon-box.vcex_69dee2591df83 .vcex-icon-box-symbol{width:75px;}<\/style><div class=\"vcex-module vcex-icon-box vcex-icon-box-one wpex-flex wpex-flex-col wpex-sm-flex-row wpex-gap-20 wpex-sm-items-center wpex-block wpex-text-left vcex_69dee2591df83\"><div class=\"vcex-icon-box-symbol vcex-icon-box-symbol--image wpex-flex-shrink-0 wpex-mr-auto\"><img src=\"https:\/\/almaspowers.net\/wp-content\/uploads\/2023\/09\/creatividad-azul.jpg\" alt=\"\" class=\"vcex-icon-box-image wpex-align-middle\" loading=\"lazy\" decoding=\"async\" width=\"350\" height=\"350\"><\/div><div class=\"vcex-icon-box-text wpex-flex-grow\"><h3 class=\"vcex-icon-box-heading wpex-heading wpex-text-lg wpex-mb-10\">Kreativit\u00e4t<\/h3><div class=\"vcex-icon-box-content wpex-last-mb-0 wpex-clr\"><p><span style=\"font-weight: 400\">Sie ist von Natur aus ein Alchemist und hat die Aufgabe, Dinge zu vermischen, Ideen zu verbinden und neue Ergebnisse zu erzielen. Es ist unser Einfallsreichtum, der uns als die am weitesten entwickelte Spezies auf der Erde auszeichnet und uns als kreativen Sch\u00f6pfer der Natur positioniert. <\/span><\/p>\n<\/div><\/div><\/div><style>.vcex-icon-box.vcex_69dee2591e831 .vcex-icon-box-icon{font-size:35px;color:#a14fd1;background-color:#eae6f2;border-radius:9999px;height:75px;}.vcex-icon-box.vcex_69dee2591e831 .vcex-icon-box-image{border-radius:var(--wpex-rounded-sm);width:200px;}.vcex-icon-box.vcex_69dee2591e831 .vcex-icon-box-symbol{width:75px;}<\/style><div class=\"vcex-module vcex-icon-box vcex-icon-box-one wpex-flex wpex-flex-col wpex-sm-flex-row wpex-gap-20 wpex-sm-items-center wpex-block wpex-text-left vcex_69dee2591e831\"><div class=\"vcex-icon-box-symbol vcex-icon-box-symbol--image wpex-flex-shrink-0 wpex-mr-auto\"><img loading=\"lazy\" class=\"vcex-icon-box-image wpex-align-middle\" decoding=\"async\" src=\"https:\/\/almaspowers.net\/wp-content\/uploads\/2023\/09\/pensamiento-critico-2048x2006-1-200x196.jpg\" alt=\"\" srcset=\"https:\/\/almaspowers.net\/wp-content\/uploads\/2023\/09\/pensamiento-critico-2048x2006-1-200x196.jpg 200w, https:\/\/almaspowers.net\/wp-content\/uploads\/2023\/09\/pensamiento-critico-2048x2006-1-250x245.jpg 250w, https:\/\/almaspowers.net\/wp-content\/uploads\/2023\/09\/pensamiento-critico-2048x2006-1.jpg 350w\" width=\"200\" height=\"196\"><\/div><div class=\"vcex-icon-box-text wpex-flex-grow\"><h3 class=\"vcex-icon-box-heading wpex-heading wpex-text-lg wpex-mb-10\">Kritisches Denken<\/h3><div class=\"vcex-icon-box-content wpex-last-mb-0 wpex-clr\"><p><span style=\"font-weight: 400\">Kritisches Denken oder &#8222;Mr. Judgement&#8220;, wie manche Menschen es liebevoll nennen, ist die weise Kraft in uns, die die Informationen, die wir erhalten, bewertet, best\u00e4tigt, verfeinert und personalisiert, bevor wir sie in unsere Wissensbibliothek aufnehmen.<\/span><\/p>\n<\/div><\/div><\/div><style>.vcex-icon-box.vcex_69dee2591f35f .vcex-icon-box-icon{font-size:35px;color:#a14fd1;background-color:#eae6f2;border-radius:9999px;height:75px;}.vcex-icon-box.vcex_69dee2591f35f .vcex-icon-box-image{border-radius:var(--wpex-rounded-sm);width:200px;}.vcex-icon-box.vcex_69dee2591f35f .vcex-icon-box-symbol{width:75px;}<\/style><div class=\"vcex-module vcex-icon-box vcex-icon-box-one wpex-flex wpex-flex-col wpex-sm-flex-row wpex-gap-20 wpex-sm-items-center wpex-block wpex-text-left vcex_69dee2591f35f\"><div class=\"vcex-icon-box-symbol vcex-icon-box-symbol--image wpex-flex-shrink-0 wpex-mr-auto\"><img loading=\"lazy\" class=\"vcex-icon-box-image wpex-align-middle\" decoding=\"async\" src=\"https:\/\/almaspowers.net\/wp-content\/uploads\/2023\/09\/amor-por-el-aprendizaje-webHome-200x200.jpg\" alt=\"\" srcset=\"https:\/\/almaspowers.net\/wp-content\/uploads\/2023\/09\/amor-por-el-aprendizaje-webHome-200x200.jpg 200w, https:\/\/almaspowers.net\/wp-content\/uploads\/2023\/09\/amor-por-el-aprendizaje-webHome-250x250.jpg 250w, https:\/\/almaspowers.net\/wp-content\/uploads\/2023\/09\/amor-por-el-aprendizaje-webHome.jpg 350w\" width=\"200\" height=\"200\"><\/div><div class=\"vcex-icon-box-text wpex-flex-grow\"><h3 class=\"vcex-icon-box-heading wpex-heading wpex-text-lg wpex-mb-10\">Liebe zum Lernen<\/h3><div class=\"vcex-icon-box-content wpex-last-mb-0 wpex-clr\"><p><span style=\"font-weight: 400\">Die Liebe zum Lernen ist die wunderbare Kraft, die uns dabei hilft, neues Wissen zu erwerben. Sie liebt es, alle m\u00f6glichen Dinge zu lernen, die f\u00fcr unsere Entwicklung n\u00fctzlich sind, sei es, dass sie uns unterhalten, uns helfen, Probleme zu l\u00f6sen, oder uns helfen, unsere Ziele zu erreichen. <\/span><\/p>\n<\/div><\/div><\/div><style>.vcex-icon-box.vcex_69dee2591fe34 .vcex-icon-box-icon{font-size:35px;color:#a14fd1;background-color:#eae6f2;border-radius:9999px;height:75px;}.vcex-icon-box.vcex_69dee2591fe34 .vcex-icon-box-image{border-radius:var(--wpex-rounded-sm);width:200px;}.vcex-icon-box.vcex_69dee2591fe34 .vcex-icon-box-symbol{width:75px;}<\/style><div class=\"vcex-module vcex-icon-box vcex-icon-box-one wpex-flex wpex-flex-col wpex-sm-flex-row wpex-gap-20 wpex-sm-items-center wpex-block wpex-text-left vcex_69dee2591fe34\"><div class=\"vcex-icon-box-symbol vcex-icon-box-symbol--image wpex-flex-shrink-0 wpex-mr-auto\"><img loading=\"lazy\" class=\"vcex-icon-box-image wpex-align-middle\" decoding=\"async\" src=\"https:\/\/almaspowers.net\/wp-content\/uploads\/2023\/09\/perspectiva-200x200.jpg\" alt=\"\" srcset=\"https:\/\/almaspowers.net\/wp-content\/uploads\/2023\/09\/perspectiva-200x200.jpg 200w, https:\/\/almaspowers.net\/wp-content\/uploads\/2023\/09\/perspectiva-250x250.jpg 250w, https:\/\/almaspowers.net\/wp-content\/uploads\/2023\/09\/perspectiva.jpg 350w\" width=\"200\" height=\"200\"><\/div><div class=\"vcex-icon-box-text wpex-flex-grow\"><h3 class=\"vcex-icon-box-heading wpex-heading wpex-text-lg wpex-mb-10\">Perspektive<\/h3><div class=\"vcex-icon-box-content wpex-last-mb-0 wpex-clr\"><p><span style=\"font-weight: 400\">Perspektive, oder auch Weitsicht gennant, ist die St\u00e4rke, die es uns erm\u00f6glicht, verschiedene Standpunkte einzunehmen. Sie hilft uns, Ereignisse aus verschiedenen Blickwinkeln zu betrachten, was u.a. unser Einf\u00fchlungsverm\u00f6gen, unsere Kreativit\u00e4t und unsere Solidarit\u00e4t anregt. <\/span><\/p>\n<\/div><\/div><\/div><style>.vcex-icon-box.vcex_69dee25920904 .vcex-icon-box-icon{font-size:35px;color:#a14fd1;background-color:#eae6f2;border-radius:9999px;height:75px;}.vcex-icon-box.vcex_69dee25920904 .vcex-icon-box-image{border-radius:var(--wpex-rounded-sm);width:200px;}.vcex-icon-box.vcex_69dee25920904 .vcex-icon-box-symbol{width:75px;}<\/style><div class=\"vcex-module vcex-icon-box vcex-icon-box-one wpex-flex wpex-flex-col wpex-sm-flex-row wpex-gap-20 wpex-sm-items-center wpex-block wpex-text-left vcex_69dee25920904\"><div class=\"vcex-icon-box-symbol vcex-icon-box-symbol--image wpex-flex-shrink-0 wpex-mr-auto\"><img loading=\"lazy\" class=\"vcex-icon-box-image wpex-align-middle\" alt=\"Espiritualidad 2048x2031 1\" decoding=\"async\" src=\"https:\/\/almaspowers.net\/wp-content\/uploads\/2023\/09\/Espiritualidad-2048x2031-1-200x198.jpg\" srcset=\"https:\/\/almaspowers.net\/wp-content\/uploads\/2023\/09\/Espiritualidad-2048x2031-1-200x198.jpg 200w, https:\/\/almaspowers.net\/wp-content\/uploads\/2023\/09\/Espiritualidad-2048x2031-1-250x248.jpg 250w, https:\/\/almaspowers.net\/wp-content\/uploads\/2023\/09\/Espiritualidad-2048x2031-1.jpg 350w\" width=\"200\" height=\"198\"><\/div><div class=\"vcex-icon-box-text wpex-flex-grow\"><h3 class=\"vcex-icon-box-heading wpex-heading wpex-text-lg wpex-mb-10\">Spiritualit\u00e4t<\/h3><div class=\"vcex-icon-box-content wpex-last-mb-0 wpex-clr\"><p><span style=\"font-weight: 400\">Spiritualit\u00e4t ist die Kraft, die uns mit dem verbindet, was gr\u00f6\u00dfer ist als wir selbst. Sie macht uns klar, dass unsere wahre Gr\u00f6\u00dfe in unseren immateriellen Aspekten liegt, und motiviert uns, uns selbst und unsere tiefe Verbindung mit anderen und dem Universum zu erforschen. <\/span><\/p>\n<\/div><\/div><\/div><\/div>[\/vc_column][\/vc_row][vc_row full_width=&#8220;stretch_row&#8220; content_placement=&#8220;middle&#8220; remove_bottom_col_margin=&#8220;true&#8220; typography_style=&#8220;white&#8220; wpex_shape_divider_top=&#8220;waves&#8220; css=&#8220;.vc_custom_1696358027850{margin-top: 80px !important;padding-top: 80px !important;padding-bottom: 120px !important;background-color: #e5007e !important;}&#8220; wpex_shape_divider_top_height=&#8220;40&#8243; wpex_shape_divider_top_color=&#8220;#ffffff&#8220;][vc_column]<div class=\"vcex-module vcex-divider-dots wpex-mx-auto wpex-last-mr-0 wpex-mb-15 wpex-text-center\"><span class=\"wpex-inline-block wpex-rounded-full wpex-mr-10\" style=\"background:var(--wpex-accent-alt);height:8px;width:8px;\"><\/span><span class=\"wpex-inline-block wpex-rounded-full wpex-mr-10\" style=\"background:var(--wpex-accent-alt);height:8px;width:8px;\"><\/span><span class=\"wpex-inline-block wpex-rounded-full wpex-mr-10\" style=\"background:var(--wpex-accent-alt);height:8px;width:8px;\"><\/span><\/div><h2 class=\"vcex-heading vcex-heading-plain vcex-module wpex-heading wpex-text-2xl wpex-text-center\"><span class=\"vcex-heading-inner wpex-inline-block\">Nutze deine Kr\u00e4fte voll und ganz<\/span><\/h2><div class=\"vcex-spacing wpex-w-100 wpex-clear\" style=\"height:15px;\"><\/div>[vc_column_text text_align=&#8220;center&#8220; width=&#8220;700px&#8220;]<span style=\"font-weight: 400;\">Die Psychologie bezeichnet sie als St\u00e4rken, die Religionen als Werte, die Philosophen als Tugenden, die Unternehmen als Soft Skills und die WHO als Life Skills. Unabh\u00e4ngig davon, wie du sie nennst, sind diese Kr\u00e4fte entscheidend, um die Anforderungen und Herausforderungen deines Lebens zu meistern. <\/span>[\/vc_column_text]<div class=\"vcex-spacing wpex-w-100 wpex-clear\" style=\"height:20px;\"><\/div><div class=\"theme-button-wrap textcenter wpex-clr\"><a href=\"#\" class=\"vcex-button theme-button align-center inline\"><span class=\"vcex-button-inner theme-button-inner wpex-flex wpex-flex-wrap wpex-items-center wpex-justify-center\">Weitere Informationen<\/span><\/a><\/div> [\/vc_column][\/vc_row]\n<\/div>","protected":false},"excerpt":{"rendered":"<p>[vc_row full_width=&#8220;stretch_row&#8220; wpex_shape_divider_bottom=&#8220;waves&#8220; wpex_shape_divider_bottom_infront=&#8220;true&#8220; wpex_shape_divider_bottom_height=&#8220;40&#8243; css=&#8220;.vc_custom_1697221125927{background-color: #e3efff !important;}&#8220;][vc_column][vc_column_text width=&#8220;850px&#8220;] Willst du deine Kr\u00e4fte entwickeln? Hier beginnt die Reise in deine innere Welt. Entdecke die Komplexit\u00e4t deines Wesens und die Energien, die es bewohnen. Diese Welt geh\u00f6rt dir und du musst lernen, sie mit Weisheit und Liebe zu lenken. Ihre Bewohner sind deine Kr\u00e4fte, deine Gef\u00fchle,&hellip;<\/p>\n","protected":false},"author":1,"featured_media":0,"parent":0,"menu_order":0,"comment_status":"closed","ping_status":"closed","template":"","meta":{"_acf_changed":false,"_kadence_starter_templates_imported_post":false,"footnotes":""},"class_list":["post-380","page","type-page","status-publish","hentry","entry","no-media"],"acf":[],"yoast_head":"<!-- This site is optimized with the Yoast SEO plugin v27.0 - https:\/\/yoast.com\/product\/yoast-seo-wordpress\/ -->\n<title>Die St\u00e4rken - Alma&#039;s Powers<\/title>\n<meta name=\"robots\" content=\"index, follow, max-snippet:-1, max-image-preview:large, max-video-preview:-1\" \/>\n<link rel=\"canonical\" href=\"https:\/\/almaspowers.net\/de\/las-fortalezas\/\" \/>\n<meta property=\"og:locale\" content=\"de_DE\" \/>\n<meta property=\"og:type\" content=\"article\" \/>\n<meta property=\"og:title\" content=\"Die St\u00e4rken - Alma&#039;s Powers\" \/>\n<meta property=\"og:description\" content=\"[vc_row full_width=&#8220;stretch_row&#8220; wpex_shape_divider_bottom=&#8220;waves&#8220; wpex_shape_divider_bottom_infront=&#8220;true&#8220; wpex_shape_divider_bottom_height=&#8220;40&#8243; css=&#8220;.vc_custom_1697221125927{background-color: #e3efff !important;}&#8220;][vc_column][vc_column_text width=&#8220;850px&#8220;] Willst du deine Kr\u00e4fte entwickeln? Hier beginnt die Reise in deine innere Welt. Entdecke die Komplexit\u00e4t deines Wesens und die Energien, die es bewohnen. Diese Welt geh\u00f6rt dir und du musst lernen, sie mit Weisheit und Liebe zu lenken. Ihre Bewohner sind deine Kr\u00e4fte, deine Gef\u00fchle,&hellip;\" \/>\n<meta property=\"og:url\" content=\"https:\/\/almaspowers.net\/de\/las-fortalezas\/\" \/>\n<meta property=\"og:site_name\" content=\"Alma&#039;s Powers\" \/>\n<meta property=\"article:modified_time\" content=\"2023-11-24T10:38:54+00:00\" \/>\n<meta name=\"twitter:card\" content=\"summary_large_image\" \/>\n<meta name=\"twitter:label1\" content=\"Gesch\u00e4tzte Lesezeit\" \/>\n\t<meta name=\"twitter:data1\" content=\"3\u00a0Minuten\" \/>\n<script type=\"application\/ld+json\" class=\"yoast-schema-graph\">{\"@context\":\"https:\/\/schema.org\",\"@graph\":[{\"@type\":\"WebPage\",\"@id\":\"https:\/\/almaspowers.net\/de\/las-fortalezas\/\",\"url\":\"https:\/\/almaspowers.net\/de\/las-fortalezas\/\",\"name\":\"Die St\u00e4rken - Alma&#039;s Powers\",\"isPartOf\":{\"@id\":\"https:\/\/almaspowers.net\/de\/#website\"},\"datePublished\":\"2023-09-29T17:12:45+00:00\",\"dateModified\":\"2023-11-24T10:38:54+00:00\",\"breadcrumb\":{\"@id\":\"https:\/\/almaspowers.net\/de\/las-fortalezas\/#breadcrumb\"},\"inLanguage\":\"de\",\"potentialAction\":[{\"@type\":\"ReadAction\",\"target\":[\"https:\/\/almaspowers.net\/de\/las-fortalezas\/\"]}]},{\"@type\":\"BreadcrumbList\",\"@id\":\"https:\/\/almaspowers.net\/de\/las-fortalezas\/#breadcrumb\",\"itemListElement\":[{\"@type\":\"ListItem\",\"position\":1,\"name\":\"Home\",\"item\":\"https:\/\/almaspowers.net\/de\/\"},{\"@type\":\"ListItem\",\"position\":2,\"name\":\"Die St\u00e4rken\"}]},{\"@type\":\"WebSite\",\"@id\":\"https:\/\/almaspowers.net\/de\/#website\",\"url\":\"https:\/\/almaspowers.net\/de\/\",\"name\":\"Alma&#039;s Powers\",\"description\":\"\",\"potentialAction\":[{\"@type\":\"SearchAction\",\"target\":{\"@type\":\"EntryPoint\",\"urlTemplate\":\"https:\/\/almaspowers.net\/de\/?s={search_term_string}\"},\"query-input\":{\"@type\":\"PropertyValueSpecification\",\"valueRequired\":true,\"valueName\":\"search_term_string\"}}],\"inLanguage\":\"de\"}]}<\/script>\n<!-- \/ Yoast SEO plugin. -->","yoast_head_json":{"title":"Die St\u00e4rken - Alma&#039;s Powers","robots":{"index":"index","follow":"follow","max-snippet":"max-snippet:-1","max-image-preview":"max-image-preview:large","max-video-preview":"max-video-preview:-1"},"canonical":"https:\/\/almaspowers.net\/de\/las-fortalezas\/","og_locale":"de_DE","og_type":"article","og_title":"Die St\u00e4rken - Alma&#039;s Powers","og_description":"[vc_row full_width=&#8220;stretch_row&#8220; wpex_shape_divider_bottom=&#8220;waves&#8220; wpex_shape_divider_bottom_infront=&#8220;true&#8220; wpex_shape_divider_bottom_height=&#8220;40&#8243; css=&#8220;.vc_custom_1697221125927{background-color: #e3efff !important;}&#8220;][vc_column][vc_column_text width=&#8220;850px&#8220;] Willst du deine Kr\u00e4fte entwickeln? Hier beginnt die Reise in deine innere Welt. Entdecke die Komplexit\u00e4t deines Wesens und die Energien, die es bewohnen. Diese Welt geh\u00f6rt dir und du musst lernen, sie mit Weisheit und Liebe zu lenken. Ihre Bewohner sind deine Kr\u00e4fte, deine Gef\u00fchle,&hellip;","og_url":"https:\/\/almaspowers.net\/de\/las-fortalezas\/","og_site_name":"Alma&#039;s Powers","article_modified_time":"2023-11-24T10:38:54+00:00","twitter_card":"summary_large_image","twitter_misc":{"Gesch\u00e4tzte Lesezeit":"3\u00a0Minuten"},"schema":{"@context":"https:\/\/schema.org","@graph":[{"@type":"WebPage","@id":"https:\/\/almaspowers.net\/de\/las-fortalezas\/","url":"https:\/\/almaspowers.net\/de\/las-fortalezas\/","name":"Die St\u00e4rken - Alma&#039;s Powers","isPartOf":{"@id":"https:\/\/almaspowers.net\/de\/#website"},"datePublished":"2023-09-29T17:12:45+00:00","dateModified":"2023-11-24T10:38:54+00:00","breadcrumb":{"@id":"https:\/\/almaspowers.net\/de\/las-fortalezas\/#breadcrumb"},"inLanguage":"de","potentialAction":[{"@type":"ReadAction","target":["https:\/\/almaspowers.net\/de\/las-fortalezas\/"]}]},{"@type":"BreadcrumbList","@id":"https:\/\/almaspowers.net\/de\/las-fortalezas\/#breadcrumb","itemListElement":[{"@type":"ListItem","position":1,"name":"Home","item":"https:\/\/almaspowers.net\/de\/"},{"@type":"ListItem","position":2,"name":"Die St\u00e4rken"}]},{"@type":"WebSite","@id":"https:\/\/almaspowers.net\/de\/#website","url":"https:\/\/almaspowers.net\/de\/","name":"Alma&#039;s Powers","description":"","potentialAction":[{"@type":"SearchAction","target":{"@type":"EntryPoint","urlTemplate":"https:\/\/almaspowers.net\/de\/?s={search_term_string}"},"query-input":{"@type":"PropertyValueSpecification","valueRequired":true,"valueName":"search_term_string"}}],"inLanguage":"de"}]}},"_links":{"self":[{"href":"https:\/\/almaspowers.net\/de\/wp-json\/wp\/v2\/pages\/380","targetHints":{"allow":["GET"]}}],"collection":[{"href":"https:\/\/almaspowers.net\/de\/wp-json\/wp\/v2\/pages"}],"about":[{"href":"https:\/\/almaspowers.net\/de\/wp-json\/wp\/v2\/types\/page"}],"author":[{"embeddable":true,"href":"https:\/\/almaspowers.net\/de\/wp-json\/wp\/v2\/users\/1"}],"replies":[{"embeddable":true,"href":"https:\/\/almaspowers.net\/de\/wp-json\/wp\/v2\/comments?post=380"}],"version-history":[{"count":3,"href":"https:\/\/almaspowers.net\/de\/wp-json\/wp\/v2\/pages\/380\/revisions"}],"predecessor-version":[{"id":386,"href":"https:\/\/almaspowers.net\/de\/wp-json\/wp\/v2\/pages\/380\/revisions\/386"}],"wp:attachment":[{"href":"https:\/\/almaspowers.net\/de\/wp-json\/wp\/v2\/media?parent=380"}],"curies":[{"name":"wp","href":"https:\/\/api.w.org\/{rel}","templated":true}]}}