{"id":389,"date":"2023-09-29T12:12:21","date_gmt":"2023-09-29T17:12:21","guid":{"rendered":"https:\/\/almaspowers.net\/meditaciones-guiadas\/"},"modified":"2023-11-24T05:32:17","modified_gmt":"2023-11-24T11:32:17","slug":"meditaciones-guiadas","status":"publish","type":"page","link":"https:\/\/almaspowers.net\/de\/meditaciones-guiadas\/","title":{"rendered":"Meditationen"},"content":{"rendered":"<div class=\"wpb-content-wrapper\">[vc_row full_width=&#8220;stretch_row&#8220; wpex_shape_divider_bottom=&#8220;waves&#8220; wpex_shape_divider_bottom_infront=&#8220;true&#8220; wpex_shape_divider_bottom_height=&#8220;40&#8243; css=&#8220;.vc_custom_1697221185782{background-color: #e3efff !important;}&#8220;][vc_column]<div class=\"vcex-spacing wpex-w-100 wpex-clear\" style=\"height:2em;\"><\/div><figure class=\"vcex-image vcex-module wpex-text-center\"><div class=\"vcex-image-inner wpex-relative wpex-inline-block\"><img loading=\"lazy\" class=\"vcex-image-img wpex-align-middle\" decoding=\"async\" src=\"https:\/\/almaspowers.net\/wp-content\/uploads\/2023\/10\/icono-logo-fortaleza1-120x149.png\" alt=\"\" srcset=\"https:\/\/almaspowers.net\/wp-content\/uploads\/2023\/10\/icono-logo-fortaleza1-120x149.png 120w, https:\/\/almaspowers.net\/wp-content\/uploads\/2023\/10\/icono-logo-fortaleza1.png 1470w\" width=\"120\" height=\"149\"><\/div><\/figure>[vc_column_text width=&#8220;850px&#8220;]\n<h1 class=\"vcex-feature-box-heading wpex-heading wpex-text-lg wpex-mb-20\" style=\"text-align: center;\">Entertainment + Meditation = Entertaintion<\/h1>\n<p>&nbsp;<\/p>\n<p style=\"text-align: center;\">Reise mit deiner Vorstellungskraft in die weite Welt deines inneren Selbst und erlebe aufschlussreiche Abenteuer, die deine Sicht auf das Leben ver\u00e4ndern und deine nat\u00fcrlichen Kr\u00e4fte aktivieren. Auf jeder Reise entdeckst du deine St\u00e4rken, stellst dich deinen \u00c4ngsten und verbindest dich mit der g\u00f6ttlichen Weisheit, die das Universum regiert. Du brauchst keine Vorkenntnisse bez\u00fcglich Meditation; Unterhaltung ist garantiert!<\/p>\n<p>&nbsp;<\/p>\n<h3 style=\"text-align: center;\">(Demn\u00e4chst)<\/h3>\n<p>&nbsp;<\/p>\n<h2 class=\"vcex-feature-box-heading wpex-heading wpex-text-lg wpex-mb-20\"><\/h2>\n[\/vc_column_text][\/vc_column][\/vc_row][vc_row css=&#8220;.vc_custom_1626518495247{margin-top: 100px !important;margin-bottom: 20px !important;}&#8220;][vc_column]<div class=\"wpex-post-cards wpex-post-cards-template_147 wpex-relative\"><div class=\"wpex-post-cards-inner\"><div class=\"wpex-post-cards-loop wpex-post-cards-grid wpex-row wpex-clr gap-25\"><\/div><\/div><\/div>[\/vc_column][\/vc_row][vc_row full_width=&#8220;stretch_row&#8220; content_placement=&#8220;middle&#8220; remove_bottom_col_margin=&#8220;true&#8220; typography_style=&#8220;white&#8220; wpex_shape_divider_top=&#8220;waves&#8220; css=&#8220;.vc_custom_1696358561430{margin-top: 80px !important;padding-top: 80px !important;padding-bottom: 120px !important;background-color: #e5007e !important;}&#8220; wpex_shape_divider_top_height=&#8220;40&#8243; wpex_shape_divider_top_color=&#8220;#ffffff&#8220;][vc_column]<div class=\"vcex-module vcex-divider-dots wpex-mx-auto wpex-last-mr-0 wpex-mb-15 wpex-text-center\"><span class=\"wpex-inline-block wpex-rounded-full wpex-mr-10\" style=\"background:var(--wpex-accent-alt);height:8px;width:8px;\"><\/span><span class=\"wpex-inline-block wpex-rounded-full wpex-mr-10\" style=\"background:var(--wpex-accent-alt);height:8px;width:8px;\"><\/span><span class=\"wpex-inline-block wpex-rounded-full wpex-mr-10\" style=\"background:var(--wpex-accent-alt);height:8px;width:8px;\"><\/span><\/div><h2 class=\"vcex-heading vcex-heading-plain vcex-module wpex-heading wpex-text-2xl wpex-text-center\"><span class=\"vcex-heading-inner wpex-inline-block\">Nutze deine Kr\u00e4fte voll und ganz<\/span><\/h2><div class=\"vcex-spacing wpex-w-100 wpex-clear\" style=\"height:15px;\"><\/div>[vc_column_text text_align=&#8220;center&#8220; width=&#8220;700px&#8220;]<span style=\"font-weight: 400;\">Die Psychologie bezeichnet sie als St\u00e4rken, die Religionen als Werte, die Philosophen als Tugenden, die Unternehmen als Soft Skills und die WHO als Life Skills. Unabh\u00e4ngig davon, wie du sie nennst, sind diese Kr\u00e4fte entscheidend, um die Anforderungen und Herausforderungen deines Lebens zu meistern. <\/span>[\/vc_column_text]<div class=\"vcex-spacing wpex-w-100 wpex-clear\" style=\"height:20px;\"><\/div><div class=\"theme-button-wrap textcenter wpex-clr\"><a href=\"#\" class=\"vcex-button theme-button align-center inline\"><span class=\"vcex-button-inner theme-button-inner wpex-flex wpex-flex-wrap wpex-items-center wpex-justify-center\">Weitere Informationen<\/span><\/a><\/div> [\/vc_column][\/vc_row]\n<\/div>","protected":false},"excerpt":{"rendered":"<p>[vc_row full_width=&#8220;stretch_row&#8220; wpex_shape_divider_bottom=&#8220;waves&#8220; wpex_shape_divider_bottom_infront=&#8220;true&#8220; wpex_shape_divider_bottom_height=&#8220;40&#8243; css=&#8220;.vc_custom_1697221185782{background-color: #e3efff !important;}&#8220;][vc_column][vc_column_text width=&#8220;850px&#8220;] Entertainment + Meditation = Entertaintion &nbsp; Reise mit deiner Vorstellungskraft in die weite Welt deines inneren Selbst und erlebe aufschlussreiche Abenteuer, die deine Sicht auf das Leben ver\u00e4ndern und deine nat\u00fcrlichen Kr\u00e4fte aktivieren. Auf jeder Reise entdeckst du deine St\u00e4rken, stellst dich deinen \u00c4ngsten und verbindest&hellip;<\/p>\n","protected":false},"author":1,"featured_media":0,"parent":0,"menu_order":0,"comment_status":"closed","ping_status":"closed","template":"","meta":{"_acf_changed":false,"_kadence_starter_templates_imported_post":false,"footnotes":""},"class_list":["post-389","page","type-page","status-publish","hentry","entry","no-media"],"acf":[],"yoast_head":"<!-- This site is optimized with the Yoast SEO plugin v27.0 - https:\/\/yoast.com\/product\/yoast-seo-wordpress\/ -->\n<title>Meditationen - Alma&#039;s Powers<\/title>\n<meta name=\"robots\" content=\"index, follow, max-snippet:-1, max-image-preview:large, max-video-preview:-1\" \/>\n<link rel=\"canonical\" href=\"https:\/\/almaspowers.net\/de\/meditaciones-guiadas\/\" \/>\n<meta property=\"og:locale\" content=\"de_DE\" \/>\n<meta property=\"og:type\" content=\"article\" \/>\n<meta property=\"og:title\" content=\"Meditationen - Alma&#039;s Powers\" \/>\n<meta property=\"og:description\" content=\"[vc_row full_width=&#8220;stretch_row&#8220; wpex_shape_divider_bottom=&#8220;waves&#8220; wpex_shape_divider_bottom_infront=&#8220;true&#8220; wpex_shape_divider_bottom_height=&#8220;40&#8243; css=&#8220;.vc_custom_1697221185782{background-color: #e3efff !important;}&#8220;][vc_column][vc_column_text width=&#8220;850px&#8220;] Entertainment + Meditation = Entertaintion &nbsp; Reise mit deiner Vorstellungskraft in die weite Welt deines inneren Selbst und erlebe aufschlussreiche Abenteuer, die deine Sicht auf das Leben ver\u00e4ndern und deine nat\u00fcrlichen Kr\u00e4fte aktivieren. Auf jeder Reise entdeckst du deine St\u00e4rken, stellst dich deinen \u00c4ngsten und verbindest&hellip;\" \/>\n<meta property=\"og:url\" content=\"https:\/\/almaspowers.net\/de\/meditaciones-guiadas\/\" \/>\n<meta property=\"og:site_name\" content=\"Alma&#039;s Powers\" \/>\n<meta property=\"article:modified_time\" content=\"2023-11-24T11:32:17+00:00\" \/>\n<meta name=\"twitter:card\" content=\"summary_large_image\" \/>\n<meta name=\"twitter:label1\" content=\"Gesch\u00e4tzte Lesezeit\" \/>\n\t<meta name=\"twitter:data1\" content=\"1\u00a0Minute\" \/>\n<script type=\"application\/ld+json\" class=\"yoast-schema-graph\">{\"@context\":\"https:\/\/schema.org\",\"@graph\":[{\"@type\":\"WebPage\",\"@id\":\"https:\/\/almaspowers.net\/de\/meditaciones-guiadas\/\",\"url\":\"https:\/\/almaspowers.net\/de\/meditaciones-guiadas\/\",\"name\":\"Meditationen - Alma&#039;s Powers\",\"isPartOf\":{\"@id\":\"https:\/\/almaspowers.net\/de\/#website\"},\"datePublished\":\"2023-09-29T17:12:21+00:00\",\"dateModified\":\"2023-11-24T11:32:17+00:00\",\"breadcrumb\":{\"@id\":\"https:\/\/almaspowers.net\/de\/meditaciones-guiadas\/#breadcrumb\"},\"inLanguage\":\"de\",\"potentialAction\":[{\"@type\":\"ReadAction\",\"target\":[\"https:\/\/almaspowers.net\/de\/meditaciones-guiadas\/\"]}]},{\"@type\":\"BreadcrumbList\",\"@id\":\"https:\/\/almaspowers.net\/de\/meditaciones-guiadas\/#breadcrumb\",\"itemListElement\":[{\"@type\":\"ListItem\",\"position\":1,\"name\":\"Home\",\"item\":\"https:\/\/almaspowers.net\/de\/\"},{\"@type\":\"ListItem\",\"position\":2,\"name\":\"Meditationen\"}]},{\"@type\":\"WebSite\",\"@id\":\"https:\/\/almaspowers.net\/de\/#website\",\"url\":\"https:\/\/almaspowers.net\/de\/\",\"name\":\"Alma&#039;s Powers\",\"description\":\"\",\"potentialAction\":[{\"@type\":\"SearchAction\",\"target\":{\"@type\":\"EntryPoint\",\"urlTemplate\":\"https:\/\/almaspowers.net\/de\/?s={search_term_string}\"},\"query-input\":{\"@type\":\"PropertyValueSpecification\",\"valueRequired\":true,\"valueName\":\"search_term_string\"}}],\"inLanguage\":\"de\"}]}<\/script>\n<!-- \/ Yoast SEO plugin. -->","yoast_head_json":{"title":"Meditationen - Alma&#039;s Powers","robots":{"index":"index","follow":"follow","max-snippet":"max-snippet:-1","max-image-preview":"max-image-preview:large","max-video-preview":"max-video-preview:-1"},"canonical":"https:\/\/almaspowers.net\/de\/meditaciones-guiadas\/","og_locale":"de_DE","og_type":"article","og_title":"Meditationen - Alma&#039;s Powers","og_description":"[vc_row full_width=&#8220;stretch_row&#8220; wpex_shape_divider_bottom=&#8220;waves&#8220; wpex_shape_divider_bottom_infront=&#8220;true&#8220; wpex_shape_divider_bottom_height=&#8220;40&#8243; css=&#8220;.vc_custom_1697221185782{background-color: #e3efff !important;}&#8220;][vc_column][vc_column_text width=&#8220;850px&#8220;] Entertainment + Meditation = Entertaintion &nbsp; Reise mit deiner Vorstellungskraft in die weite Welt deines inneren Selbst und erlebe aufschlussreiche Abenteuer, die deine Sicht auf das Leben ver\u00e4ndern und deine nat\u00fcrlichen Kr\u00e4fte aktivieren. Auf jeder Reise entdeckst du deine St\u00e4rken, stellst dich deinen \u00c4ngsten und verbindest&hellip;","og_url":"https:\/\/almaspowers.net\/de\/meditaciones-guiadas\/","og_site_name":"Alma&#039;s Powers","article_modified_time":"2023-11-24T11:32:17+00:00","twitter_card":"summary_large_image","twitter_misc":{"Gesch\u00e4tzte Lesezeit":"1\u00a0Minute"},"schema":{"@context":"https:\/\/schema.org","@graph":[{"@type":"WebPage","@id":"https:\/\/almaspowers.net\/de\/meditaciones-guiadas\/","url":"https:\/\/almaspowers.net\/de\/meditaciones-guiadas\/","name":"Meditationen - Alma&#039;s Powers","isPartOf":{"@id":"https:\/\/almaspowers.net\/de\/#website"},"datePublished":"2023-09-29T17:12:21+00:00","dateModified":"2023-11-24T11:32:17+00:00","breadcrumb":{"@id":"https:\/\/almaspowers.net\/de\/meditaciones-guiadas\/#breadcrumb"},"inLanguage":"de","potentialAction":[{"@type":"ReadAction","target":["https:\/\/almaspowers.net\/de\/meditaciones-guiadas\/"]}]},{"@type":"BreadcrumbList","@id":"https:\/\/almaspowers.net\/de\/meditaciones-guiadas\/#breadcrumb","itemListElement":[{"@type":"ListItem","position":1,"name":"Home","item":"https:\/\/almaspowers.net\/de\/"},{"@type":"ListItem","position":2,"name":"Meditationen"}]},{"@type":"WebSite","@id":"https:\/\/almaspowers.net\/de\/#website","url":"https:\/\/almaspowers.net\/de\/","name":"Alma&#039;s Powers","description":"","potentialAction":[{"@type":"SearchAction","target":{"@type":"EntryPoint","urlTemplate":"https:\/\/almaspowers.net\/de\/?s={search_term_string}"},"query-input":{"@type":"PropertyValueSpecification","valueRequired":true,"valueName":"search_term_string"}}],"inLanguage":"de"}]}},"_links":{"self":[{"href":"https:\/\/almaspowers.net\/de\/wp-json\/wp\/v2\/pages\/389","targetHints":{"allow":["GET"]}}],"collection":[{"href":"https:\/\/almaspowers.net\/de\/wp-json\/wp\/v2\/pages"}],"about":[{"href":"https:\/\/almaspowers.net\/de\/wp-json\/wp\/v2\/types\/page"}],"author":[{"embeddable":true,"href":"https:\/\/almaspowers.net\/de\/wp-json\/wp\/v2\/users\/1"}],"replies":[{"embeddable":true,"href":"https:\/\/almaspowers.net\/de\/wp-json\/wp\/v2\/comments?post=389"}],"version-history":[{"count":4,"href":"https:\/\/almaspowers.net\/de\/wp-json\/wp\/v2\/pages\/389\/revisions"}],"predecessor-version":[{"id":399,"href":"https:\/\/almaspowers.net\/de\/wp-json\/wp\/v2\/pages\/389\/revisions\/399"}],"wp:attachment":[{"href":"https:\/\/almaspowers.net\/de\/wp-json\/wp\/v2\/media?parent=389"}],"curies":[{"name":"wp","href":"https:\/\/api.w.org\/{rel}","templated":true}]}}